{"id":153,"date":"2018-12-19T19:37:39","date_gmt":"2018-12-20T01:37:39","guid":{"rendered":"http:\/\/fundacioncomunitariamalinalco.org\/newsite\/?page_id=153"},"modified":"2019-03-13T16:42:35","modified_gmt":"2019-03-13T22:42:35","slug":"fondo-imaginalco","status":"publish","type":"page","link":"https:\/\/fundacioncomunitariamalinalco.org\/en\/fondo-imaginalco\/","title":{"rendered":"Fondo  Imaginalco"},"content":{"rendered":"<p>Imaginalco es un proyecto social que contribuye a la construcci\u00f3n de una comunidad m\u00e1s segura, cohesionada y con menor propensi\u00f3n a la violencia y las adicciones en Malinalco, Estado de M\u00e9xico. Para ello, actualmente operamos dos programas: J\u00f3venes y Comunidad y Seguridad Comunitaria.<\/p>\n\n\n\n<div style=\"height:35px\" aria-hidden=\"true\" class=\"wp-block-spacer\"><\/div>\n\n\n\n<div class=\"wp-block-advgb-accordion advgb-accordion-block\" style=\"margin-bottom:15px\"><div class=\"advgb-accordion-header\" style=\"background-color:#e6fbe2;color:#313131;border-style:solid;border-width:0px;border-radius:2px\"><span class=\"advgb-accordion-header-icon\"><svg fill=\"#313131\" xmlns=\"http:\/\/www.w3.org\/2000\/svg\" width=\"24\" height=\"24\" viewbox=\"0 0 24 24\"><path fill=\"none\" d=\"M0,0h24v24H0V0z\"><\/path><path d=\"M6,10c-1.1,0-2,0.9-2,2s0.9,2,2,2s2-0.9,2-2S7.1,10,6,10z M18,10c-1.1,0-2,0.9-2,2s0.9,2,2,2s2-0.9,2-2S19.1,10,18,10z M12,10c-1.1,0-2,0.9-2,2s0.9,2,2,2s2-0.9,2-2S13.1,10,12,10z\"><\/path><\/svg><\/span><h4 class=\"advgb-accordion-header-title\">J\u00f3venes y Comunidad<\/h4><\/div><div class=\"advgb-accordion-body\" style=\"border-style:solid;border-width:0px;border-radius:2px\">\n<p>El objetivo del programa es fortalecer los factores de protecci\u00f3n ante la violencia en ni\u00f1os, ni\u00f1as, adolescentes y j\u00f3venes en situaci\u00f3n de riesgo en los barrios de San Mart\u00edn y las Seis Calles en Malinalco.<\/p>\n\n\n\n<div style=\"height:28px\" aria-hidden=\"true\" class=\"wp-block-spacer\"><\/div>\n\n\n\n<p>A trav\u00e9s de distintas t\u00e9cnicas de intervenci\u00f3n individual y grupal, se busca generar experiencias formativas en las que puedan desarrollar sus habilidades de autoconocimiento, autoestima, manejo de emociones, toma de decisiones y comunicaci\u00f3n asertiva. De igual forma, a trav\u00e9s de los proyectos se impulsan liderazgos juveniles positivos y el sentido de pertenencia sano. Todo ello constituye factores de protecci\u00f3n ante la violencia y el consumo, lo cual favorece el desarrollo integral de los ni\u00f1os y los j\u00f3venes y, a mediano y largo plazo, nos permite construir una comunidad m\u00e1s segura y sana para todos. En este programa operan a su vez los siguientes proyectos:<\/p>\n\n\n\n<div style=\"height:28px\" aria-hidden=\"true\" class=\"wp-block-spacer\"><\/div>\n\n\n\n<div class=\"wp-block-columns has-2-columns is-layout-flex wp-container-core-columns-is-layout-9d6595d7 wp-block-columns-is-layout-flex\">\n<div class=\"wp-block-column is-layout-flow wp-block-column-is-layout-flow\">\n<div class=\"wp-block-we-we-slider-block image_slider slide\" id=\"slide17\"><div class=\"imgSlider\" data-hidecontrol=\"0\" data-speed=\"2000\"><div><p class=\"slide\"><span class=\"slide-index\" style=\"display:none\">0<\/span><img decoding=\"async\" src=\"http:\/\/fundacioncomunitariamalinalco.org\/newsite\/wp-content\/uploads\/2019\/01\/AVATAR_imaginalco_14.png\"\/><\/p><\/div><\/div><\/div>\n\n\n\n<h2 class=\"wp-block-heading\">Xolotl\u00e1n<\/h2>\n\n\n\n<p>M\u00e1s de 160 ni\u00f1os, ni\u00f1as, adolescentes y j\u00f3venes del barrio de San Mart\u00edn han participado en las actividades recreativas y formativas que se ofrecen de forma constante en el espacio. Ubicado en el coraz\u00f3n del barrio, Xolotl\u00e1n representa una alternativa sana y segura para que los ni\u00f1os y adolescentes pasen su tiempo libre experimentando formas positivas de relacionarse entre ellos, y donde siempre podr\u00e1n encontrar el consejo, el cari\u00f1o y el acompa\u00f1amiento del equipo operativo.<\/p>\n\n\n\n<div class=\"wp-block-we-we-slider-block image_slider slide\" id=\"slide5\"><div class=\"imgSlider\" data-hidecontrol=\"0\" data-speed=\"2000\"><div><p class=\"slide\"><span class=\"slide-index\" style=\"display:none\">0<\/span><img decoding=\"async\" src=\"http:\/\/fundacioncomunitariamalinalco.org\/newsite\/wp-content\/uploads\/2019\/01\/AVATAR_imaginalco_1.png\"\/><\/p><\/div><div><p class=\"slide\"><span class=\"slide-index\" style=\"display:none\">1<\/span><img decoding=\"async\" src=\"http:\/\/fundacioncomunitariamalinalco.org\/newsite\/wp-content\/uploads\/2019\/01\/AVATAR_imaginalco_3.png\"\/><\/p><\/div><\/div><\/div>\n\n\n\n<h2 class=\"wp-block-heading\">Hip Hop<\/h2>\n\n\n\n<p>A trav\u00e9s de los elementos de la cultura hip hop, este programa busca integrar a adolescentes y j\u00f3venes a procesos de creaci\u00f3n colectiva que generen un desarrollo individual y que tengan un impacto positivo en la comunidad. As\u00ed, 15 raperos de San Mart\u00edn, las seis calles y otras zonas de Malinalco fueron los protagonistas del Recorrido al Mictl\u00e1n \u2013 evento art\u00edstico comunitario-, tres conciertos abiertos al p\u00fablico, la creaci\u00f3n y grabaci\u00f3n de contenido musical propositivo, el desarrollo de una campa\u00f1a para promover el cuidado del medio ambiente y la organizaci\u00f3n de talleres y convivencia en torno al hip hop y otras tendencias de baile urbano.<\/p>\n\n\n\n<div class=\"wp-block-we-we-slider-block image_slider slide\" id=\"slide34\"><div class=\"imgSlider\" data-hidecontrol=\"0\" data-speed=\"2000\"><div><p class=\"slide\"><span class=\"slide-index\" style=\"display:none\">0<\/span><img decoding=\"async\" src=\"http:\/\/fundacioncomunitariamalinalco.org\/newsite\/wp-content\/uploads\/2019\/01\/AVATAR_imaginalco_9.png\"\/><\/p><\/div><div><p class=\"slide\"><span class=\"slide-index\" style=\"display:none\">1<\/span><img decoding=\"async\" src=\"http:\/\/fundacioncomunitariamalinalco.org\/newsite\/wp-content\/uploads\/2019\/01\/AVATAR_imaginalco_10.png\"\/><\/p><\/div><\/div><\/div>\n\n\n\n<h2 class=\"wp-block-heading\">Colectivo Xolotl\u00e1n y proyectos productivos<\/h2>\n\n\n\n<p>Gracias al liderazgo de los j\u00f3venes que lo conforman, el Colectivo Xolotl\u00e1n este a\u00f1o brind\u00f3 oportunidad a m\u00e1s de 20 j\u00f3venes de integrarse en procesos de creaci\u00f3n colectiva, desarrollar sus talentos art\u00edsticos y generar una fuente de ingresos. Para quienes est\u00e1n m\u00e1s involucrados en el proyecto, \u00e9ste representa su fuente principal de ingresos econ\u00f3micos. Imaginalco contin\u00faa impulsando este y otros esfuerzos productivos de los j\u00f3venes debido a que parte importante de un proyecto de prevenci\u00f3n de violencia es abrir alternativas positivas para la construcci\u00f3n de vidas dignas. Actualmente se est\u00e1 conformando una cooperativa para la elaboraci\u00f3n y venta de artesan\u00edas de diversos tipos, en particular tallado en hueso y moldes de silic\u00f3n para elaborar piezas que puedan venderse.<\/p>\n\n\n\n<div class=\"wp-block-we-we-slider-block image_slider slide\" id=\"slide31\"><div class=\"imgSlider\" data-hidecontrol=\"0\" data-speed=\"2000\"><div><p class=\"slide\"><span class=\"slide-index\" style=\"display:none\">0<\/span><img decoding=\"async\" src=\"http:\/\/fundacioncomunitariamalinalco.org\/newsite\/wp-content\/uploads\/2019\/01\/AVATAR_imaginalco_7.png\"\/><\/p><\/div><div><p class=\"slide\"><span class=\"slide-index\" style=\"display:none\">1<\/span><img decoding=\"async\" src=\"http:\/\/fundacioncomunitariamalinalco.org\/newsite\/wp-content\/uploads\/2019\/01\/AVATAR_imaginalco_4.png\"\/><\/p><\/div><div><p class=\"slide\"><span class=\"slide-index\" style=\"display:none\">2<\/span><img decoding=\"async\" src=\"http:\/\/fundacioncomunitariamalinalco.org\/newsite\/wp-content\/uploads\/2019\/01\/AVATAR_imaginalco_13.png\"\/><\/p><\/div><\/div><\/div>\n\n\n\n<h2 class=\"wp-block-heading\">Recorrido Mictl\u00e1n<\/h2>\n\n\n\n<p>En 2016 Imaginalco lider\u00f3 el esfuerzo del Recorrido al Mictl\u00e1n, un festival comunitario que se celebr\u00f3 por cuarta ocasi\u00f3n para festejar el d\u00eda de muertos en Malinalco, mediante un proceso de creaci\u00f3n colectiva que genera lazos e interacci\u00f3n sana entre diversos sectores de la comunidad. Los protagonistas de este proyecto fueron los j\u00f3venes que participan en los dos espacios de Imaginalco: el Espacio Cultural Seis Calles y el Centro Juvenil Xolotl\u00e1n. As\u00ed, cada taller, reuni\u00f3n y ensayo represent\u00f3 una oportunidad de convivir con el otro, bajar las barreras, acercarse realmente y generar as\u00ed la posibilidad de identificarse unos con otros y concebirse como actores de un proyecto en com\u00fan. En el festival participaron directamente 450 ni\u00f1os y j\u00f3venes, as\u00ed como 11 grupos art\u00edsticos u organizaciones de la comunidad. Indirectamente, cerca de 2000 personas participaron como espectadores del evento que se llev\u00f3 a cabo el 31 de octubre de 2016.<\/p>\n\n\n\n\n\n<h2 class=\"wp-block-heading\">Club Ni\u00f1os&nbsp;<\/h2>\n\n\n\n<p>En 2016 inici\u00f3 este proyecto dirigido especialmente a ni\u00f1os de 7 a 11 a\u00f1os, mediante el cual se busca favorecer el desarrollo de habilidades para la vida como elemento de prevenci\u00f3n y como respuesta a los patrones de violencia y consumo a los que est\u00e1n expuestos. El Club de Ni\u00f1os trabaj\u00f3 con cerca de 30 ni\u00f1os y ni\u00f1as el desarrollo de habilidades a trav\u00e9s del juego, el cuidado y la contenci\u00f3n emocional. Los ni\u00f1os se juntan dos veces a la semana para realizar actividades recreativas y art\u00edsticas en los dos espacios de Imaginalco: Xolotl\u00e1n y Espacio Cultural Seis Calles.<\/p>\n<\/div>\n\n\n\n<div class=\"wp-block-column is-layout-flow wp-block-column-is-layout-flow\">\n<div class=\"wp-block-we-we-slider-block image_slider slide\" id=\"slide26\"><div class=\"imgSlider\" data-hidecontrol=\"0\" data-speed=\"2000\"><div><p class=\"slide\"><span class=\"slide-index\" style=\"display:none\">0<\/span><img decoding=\"async\" src=\"http:\/\/fundacioncomunitariamalinalco.org\/newsite\/wp-content\/uploads\/2019\/01\/AVATAR_imaginalco_11.png\"\/><\/p><\/div><div><p class=\"slide\"><span class=\"slide-index\" style=\"display:none\">1<\/span><img decoding=\"async\" src=\"http:\/\/fundacioncomunitariamalinalco.org\/newsite\/wp-content\/uploads\/2019\/01\/AVATAR_imaginalco_12.png\"\/><\/p><\/div><\/div><\/div>\n\n\n\n<h2 class=\"wp-block-heading\">Xoloescuela<\/h2>\n\n\n\n<p>Se incorporaron dos mujeres j\u00f3venes a la preparatoria con apoyo econ\u00f3mico y pedag\u00f3gico de Imaginalco. Adem\u00e1s, continuaron sus estudios los tres alumnos que en 2015 retomaron la secundaria o preparatoria con acompa\u00f1amiento de Imaginalco.<\/p>\n\n\n\n<div class=\"wp-block-we-we-slider-block image_slider slide\" id=\"slide44\"><div class=\"imgSlider\" data-hidecontrol=\"0\" data-speed=\"2000\"><div><p class=\"slide\"><span class=\"slide-index\" style=\"display:none\">0<\/span><img decoding=\"async\" src=\"http:\/\/fundacioncomunitariamalinalco.org\/newsite\/wp-content\/uploads\/2019\/01\/AVATAR_imaginalco_5.png\"\/><\/p><\/div><\/div><\/div>\n\n\n\n<h2 class=\"wp-block-heading\">Escuela Formativa de Futbol Malinalco&nbsp;<\/h2>\n\n\n\n<p>Durante 2016 cerca de 30 ni\u00f1os de nueve a 16 a\u00f1os se involucraron en la conformaci\u00f3n de un equipo formal de futbol con entrenamientos y partidos constantes. Este proyecto busca favorecer el desarrollo de habilidades para la vida en los ni\u00f1os a trav\u00e9s del deporte para que dentro y fuera de la cancha sean capaces de tomar mejores decisiones, establecer relaciones positivas y canalizar sus emociones de forma sana.<\/p>\n\n\n\n<div class=\"wp-block-we-we-slider-block image_slider slide\" id=\"slide17\"><div class=\"imgSlider\" data-hidecontrol=\"0\" data-speed=\"2000\"><div><p class=\"slide\"><span class=\"slide-index\" style=\"display:none\">0<\/span><img decoding=\"async\" src=\"http:\/\/fundacioncomunitariamalinalco.org\/newsite\/wp-content\/uploads\/2019\/01\/AVATAR_FONDOS2.png\"\/><\/p><\/div><div><p class=\"slide\"><span class=\"slide-index\" style=\"display:none\">1<\/span><img decoding=\"async\" src=\"http:\/\/fundacioncomunitariamalinalco.org\/newsite\/wp-content\/uploads\/2019\/01\/AVATAR_imaginalco_8.png\"\/><\/p><\/div><\/div><\/div>\n\n\n\n<h2 class=\"wp-block-heading\">Espacio Cultural Seis Calles<\/h2>\n\n\n\n<p>Uno de los logros m\u00e1s importantes de Imaginalco este a\u00f1o fue expandir sus alcances a trav\u00e9s de unir esfuerzos con el Espacio Cultural Seis Calles, que hoy forma parte de nuestro programa y nos permite trabajar con j\u00f3venes de otra zona de la cabecera municipal. En el Espacio ofrecemos actividades formativas y recreativas para ni\u00f1os, ni\u00f1as, adolescentes y j\u00f3venes. Es un lugar de convivencia sana y pac\u00edfica que permite la interacci\u00f3n positiva entre personas de diferentes edades, barrios y sectores. Este proyecto implic\u00f3, durante el a\u00f1o, importantes esfuerzos para consolidar y fortalecer el equipo, el modelo y las capacidades institucionales.<\/p>\n\n\n\n<div class=\"wp-block-we-we-slider-block image_slider slide\" id=\"slide26\"><div class=\"imgSlider\" data-hidecontrol=\"0\" data-speed=\"2000\"><div><p class=\"slide\"><span class=\"slide-index\" style=\"display:none\">0<\/span><img decoding=\"async\" src=\"http:\/\/fundacioncomunitariamalinalco.org\/newsite\/wp-content\/uploads\/2019\/01\/AVATAR_imaginalco_2.png\"\/><\/p><\/div><\/div><\/div>\n\n\n\n<h2 class=\"wp-block-heading\">Patrulla Excursionista<\/h2>\n\n\n\n<p>Es un proyecto en el que adolescentes y j\u00f3venes se re\u00fanen una vez por semana para llevar a cabo actividades de aventura como ciclismo, sedentarismo, campamentos y otras. Surge para dar seguimiento al proyecto La Cima de tu Vida, en el que j\u00f3venes del programa visitaron y ascendieron a los volcanes m\u00e1s altos de M\u00e9xico durante 2015 y en el cual el equipo se dio cuenta del valor de este tipo de experiencias en la formaci\u00f3n de los j\u00f3venes. La Patrulla Excursionista busca formar un grupo cohesionado de j\u00f3venes, reforzando el sentido de pertenencia positivo y favoreciendo el desarrollo de habilidades como el manejo de emociones, el autoconocimiento y las relaciones interpersonales a trav\u00e9s del contacto con la naturaleza y la aventura compartida.<\/p>\n<\/div>\n<\/div>\n<\/div><\/div>\n\n\n\n<div class=\"wp-block-advgb-accordion advgb-accordion-block\" style=\"margin-bottom:15px\"><div class=\"advgb-accordion-header\" style=\"background-color:#e6fbe2;color:#313131;border-style:solid;border-width:0px;border-radius:2px\"><span class=\"advgb-accordion-header-icon\"><svg fill=\"#313131\" xmlns=\"http:\/\/www.w3.org\/2000\/svg\" width=\"24\" height=\"24\" viewbox=\"0 0 24 24\"><path fill=\"none\" d=\"M0,0h24v24H0V0z\"><\/path><path d=\"M6,10c-1.1,0-2,0.9-2,2s0.9,2,2,2s2-0.9,2-2S7.1,10,6,10z M18,10c-1.1,0-2,0.9-2,2s0.9,2,2,2s2-0.9,2-2S19.1,10,18,10z M12,10c-1.1,0-2,0.9-2,2s0.9,2,2,2s2-0.9,2-2S13.1,10,12,10z\"><\/path><\/svg><\/span><h4 class=\"advgb-accordion-header-title\">Seguridad Comunitaria<\/h4><\/div><div class=\"advgb-accordion-body\" style=\"border-style:solid;border-width:0px;border-radius:2px\">\n<figure class=\"wp-block-image\"><img fetchpriority=\"high\" decoding=\"async\" width=\"1024\" height=\"683\" src=\"http:\/\/fundacioncomunitariamalinalco.org\/newsite\/wp-content\/uploads\/2019\/01\/Centros-juveniles-1024x683.jpg\" alt=\"\" class=\"wp-image-935\" srcset=\"https:\/\/fundacioncomunitariamalinalco.org\/wp-content\/uploads\/2019\/01\/Centros-juveniles-1024x683.jpg 1024w, https:\/\/fundacioncomunitariamalinalco.org\/wp-content\/uploads\/2019\/01\/Centros-juveniles-300x200.jpg 300w, https:\/\/fundacioncomunitariamalinalco.org\/wp-content\/uploads\/2019\/01\/Centros-juveniles-768x513.jpg 768w\" sizes=\"(max-width: 1024px) 100vw, 1024px\" \/><\/figure>\n\n\n\n<div style=\"height:20px\" aria-hidden=\"true\" class=\"wp-block-spacer\"><\/div>\n\n\n\n<p>El tema de seguridad comunitaria se mantuvo como uno de los temas prioritarios de Imaginalco durante 2016. Adem\u00e1s de los esfuerzos de prevenci\u00f3n social de violencia desarrollados en el programa de j\u00f3venes y comunidad, en el Observatorio Ciudadano de Seguridad en Malinalco se mantuvo el registro de eventos vinculados con la seguridad, motivo de preocupaci\u00f3n por parte de la comunidad, y se hicieron llegar a las autoridades correspondientes. Adicionalmente, se trabaj\u00f3 en la conformaci\u00f3n de comit\u00e9s de barrio para extender las actividades de cultura de la legalidad y favorecer la articulaci\u00f3n entre ciudadan\u00eda y autoridades. Con el objetivo de favorecer la cercan\u00eda del OCSM con la comunidad, se inici\u00f3 un programa en escuelas con estudiantes y padres de familia con contenidos y actividades orientadas a la prevenci\u00f3n social de la violencia y el delito.&nbsp;<\/p>\n<\/div><\/div>\n\n\n\n<div style=\"height:36px\" aria-hidden=\"true\" class=\"wp-block-spacer\"><\/div>\n\n\n\n<p>Visita la p\u00e1gina oficial <strong><a href=\"http:\/\/imaginalco.org\/es_ES\/\">imaginalco.org<\/a><\/strong><\/p>\n\n\n\n<p>Cont\u00e1ctanos <strong><a href=\"mailto:info@fcmalinalco.org\">info@fcmalinalco.org<\/a> <\/strong>para conocer m\u00e1s de ti y brindarte la ayuda que requieres.<\/p>","protected":false},"excerpt":{"rendered":"<p>Imaginalco es un proyecto social que contribuye a la construcci\u00f3n de una comunidad m\u00e1s segura, cohesionada y con menor propensi\u00f3n [&hellip;]<\/p>\n","protected":false},"author":2,"featured_media":220,"parent":0,"menu_order":0,"comment_status":"closed","ping_status":"closed","template":"page-hacemos-fondos.php","meta":{"_editorskit_title_hidden":false,"_editorskit_reading_time":0,"_editorskit_is_block_options_detached":false,"_editorskit_block_options_position":"{}","_eb_attr":"","advgb_blocks_editor_width":"","advgb_blocks_columns_visual_guide":"","pgc_sgb_lightbox_settings":"","footnotes":""},"categories":[],"class_list":["post-153","page","type-page","status-publish","has-post-thumbnail","hentry"],"coauthors":[],"author_meta":{"author_link":"https:\/\/fundacioncomunitariamalinalco.org\/en\/author\/friedalocu\/","display_name":"friedalocu"},"relative_dates":{"created":"Posted 7 years ago","modified":"Updated 7 years ago"},"absolute_dates":{"created":"Posted on 19 December, 2018","modified":"Updated on 13 March, 2019"},"absolute_dates_time":{"created":"Posted on 19 December, 2018 7:37 pm","modified":"Updated on 13 March, 2019 4:42 pm"},"featured_img_caption":"","featured_img":"https:\/\/fundacioncomunitariamalinalco.org\/wp-content\/uploads\/2018\/12\/BANNER-IMAGINALCO.jpg","series_order":"","_links":{"self":[{"href":"https:\/\/fundacioncomunitariamalinalco.org\/en\/wp-json\/wp\/v2\/pages\/153","targetHints":{"allow":["GET"]}}],"collection":[{"href":"https:\/\/fundacioncomunitariamalinalco.org\/en\/wp-json\/wp\/v2\/pages"}],"about":[{"href":"https:\/\/fundacioncomunitariamalinalco.org\/en\/wp-json\/wp\/v2\/types\/page"}],"author":[{"embeddable":true,"href":"https:\/\/fundacioncomunitariamalinalco.org\/en\/wp-json\/wp\/v2\/users\/2"}],"replies":[{"embeddable":true,"href":"https:\/\/fundacioncomunitariamalinalco.org\/en\/wp-json\/wp\/v2\/comments?post=153"}],"version-history":[{"count":42,"href":"https:\/\/fundacioncomunitariamalinalco.org\/en\/wp-json\/wp\/v2\/pages\/153\/revisions"}],"predecessor-version":[{"id":1973,"href":"https:\/\/fundacioncomunitariamalinalco.org\/en\/wp-json\/wp\/v2\/pages\/153\/revisions\/1973"}],"wp:featuredmedia":[{"embeddable":true,"href":"https:\/\/fundacioncomunitariamalinalco.org\/en\/wp-json\/wp\/v2\/media\/220"}],"wp:attachment":[{"href":"https:\/\/fundacioncomunitariamalinalco.org\/en\/wp-json\/wp\/v2\/media?parent=153"}],"wp:term":[{"taxonomy":"category","embeddable":true,"href":"https:\/\/fundacioncomunitariamalinalco.org\/en\/wp-json\/wp\/v2\/categories?post=153"}],"curies":[{"name":"wp","href":"https:\/\/api.w.org\/{rel}","templated":true}]}}