{"id":160,"date":"2018-12-19T13:23:17","date_gmt":"2018-12-19T19:23:17","guid":{"rendered":"http:\/\/fundacioncomunitariamalinalco.org\/newsite\/?page_id=160"},"modified":"2019-03-13T16:42:47","modified_gmt":"2019-03-13T22:42:47","slug":"fondo-orquesta-sinfonica-malinalco","status":"publish","type":"page","link":"https:\/\/fundacioncomunitariamalinalco.org\/en\/fondo-orquesta-sinfonica-malinalco\/","title":{"rendered":"Fondo  Orquesta Sinf\u00f3nica Malinalco"},"content":{"rendered":"<div class=\"wp-block-we-we-slider-block image_slider slide\" id=\"slide72\"><div class=\"imgSlider\" data-hidecontrol=\"0\" data-speed=\"2000\"><div><p class=\"slide\"><span class=\"slide-index\" style=\"display:none\">0<\/span><img decoding=\"async\" src=\"http:\/\/fundacioncomunitariamalinalco.org\/newsite\/wp-content\/uploads\/2019\/01\/Orquesta_ComUniverso1.jpg\"\/><\/p><\/div><div><p class=\"slide\"><span class=\"slide-index\" style=\"display:none\">1<\/span><img decoding=\"async\" src=\"http:\/\/fundacioncomunitariamalinalco.org\/newsite\/wp-content\/uploads\/2019\/01\/FUNDACION_MALI057.jpg\"\/><\/p><\/div><div><p class=\"slide\"><span class=\"slide-index\" style=\"display:none\">2<\/span><img decoding=\"async\" src=\"http:\/\/fundacioncomunitariamalinalco.org\/newsite\/wp-content\/uploads\/2019\/01\/Orquesta_Recaudacion-Fondos7.jpg\"\/><\/p><\/div><div><p class=\"slide\"><span class=\"slide-index\" style=\"display:none\">3<\/span><img decoding=\"async\" src=\"http:\/\/fundacioncomunitariamalinalco.org\/newsite\/wp-content\/uploads\/2019\/01\/Orquesta_Recaudacion-Fondos5.jpg\"\/><\/p><\/div><\/div><\/div>\n\n\n\n<div style=\"height:20px\" aria-hidden=\"true\" class=\"wp-block-spacer\"><\/div>\n\n\n\n<p>La Orquesta Malinalco es un sue\u00f1o hecho realidad, desde mayo del 2015, los ni\u00f1os y j\u00f3venes de&nbsp; 6 y 20 a\u00f1os de edad&nbsp; aprenden a cantar o tocar un instrumento y ejecutar repertorios de m\u00fasica cl\u00e1sica y popular descubri\u00e9ndose as\u00ed, una de sus habilidades que m\u00e1s le ha dejado satisfacciones en su vida&nbsp; personal.<\/p>\n\n\n\n<p>Actualmente la Orquesta cuenta con una matr\u00edcula de 130 alumnos, sus pr\u00e1cticas de instrumento y coro son de lunes a viernes de 4 a 8 de la noche, logrando con ello, consolidar&nbsp; un proyecto de gran impacto, favoreciendo directamente a una poblaci\u00f3n poco atendida en el Municipio;<\/p>\n\n\n\n<div style=\"height:25px\" aria-hidden=\"true\" class=\"wp-block-spacer\"><\/div>\n\n\n\n<ul class=\"wp-block-gallery columns-3 is-cropped wp-block-gallery-1\"><li class=\"blocks-gallery-item\"><figure><img fetchpriority=\"high\" decoding=\"async\" width=\"683\" height=\"1024\" src=\"http:\/\/fundacioncomunitariamalinalco.org\/newsite\/wp-content\/uploads\/2019\/01\/Orquesta_ComUniverso5-683x1024.jpg\" alt=\"\" data-id=\"624\" data-link=\"http:\/\/fundacioncomunitariamalinalco.org\/newsite\/fondo-orquesta-sinfonica-malinalco\/orquesta_comuniverso5\/\" class=\"wp-image-624\" srcset=\"https:\/\/fundacioncomunitariamalinalco.org\/wp-content\/uploads\/2019\/01\/Orquesta_ComUniverso5-683x1024.jpg 683w, https:\/\/fundacioncomunitariamalinalco.org\/wp-content\/uploads\/2019\/01\/Orquesta_ComUniverso5-200x300.jpg 200w, https:\/\/fundacioncomunitariamalinalco.org\/wp-content\/uploads\/2019\/01\/Orquesta_ComUniverso5-768x1152.jpg 768w, https:\/\/fundacioncomunitariamalinalco.org\/wp-content\/uploads\/2019\/01\/Orquesta_ComUniverso5.jpg 2000w\" sizes=\"(max-width: 683px) 100vw, 683px\" \/><\/figure><\/li><li class=\"blocks-gallery-item\"><figure><img decoding=\"async\" width=\"1024\" height=\"683\" src=\"http:\/\/fundacioncomunitariamalinalco.org\/newsite\/wp-content\/uploads\/2019\/01\/FUNDACION_MALI027-1024x683.jpg\" alt=\"\" data-id=\"1097\" data-link=\"http:\/\/fundacioncomunitariamalinalco.org\/newsite\/fundacion_mali027\/\" class=\"wp-image-1097\" srcset=\"https:\/\/fundacioncomunitariamalinalco.org\/wp-content\/uploads\/2019\/01\/FUNDACION_MALI027-1024x683.jpg 1024w, https:\/\/fundacioncomunitariamalinalco.org\/wp-content\/uploads\/2019\/01\/FUNDACION_MALI027-300x200.jpg 300w, https:\/\/fundacioncomunitariamalinalco.org\/wp-content\/uploads\/2019\/01\/FUNDACION_MALI027-768x512.jpg 768w\" sizes=\"(max-width: 1024px) 100vw, 1024px\" \/><\/figure><\/li><li class=\"blocks-gallery-item\"><figure><img decoding=\"async\" width=\"683\" height=\"1024\" src=\"http:\/\/fundacioncomunitariamalinalco.org\/newsite\/wp-content\/uploads\/2019\/01\/FUNDACION_MALI032-683x1024.jpg\" alt=\"\" data-id=\"1096\" data-link=\"http:\/\/fundacioncomunitariamalinalco.org\/newsite\/fundacion_mali032\/\" class=\"wp-image-1096\" srcset=\"https:\/\/fundacioncomunitariamalinalco.org\/wp-content\/uploads\/2019\/01\/FUNDACION_MALI032-683x1024.jpg 683w, https:\/\/fundacioncomunitariamalinalco.org\/wp-content\/uploads\/2019\/01\/FUNDACION_MALI032-200x300.jpg 200w, https:\/\/fundacioncomunitariamalinalco.org\/wp-content\/uploads\/2019\/01\/FUNDACION_MALI032-768x1152.jpg 768w\" sizes=\"(max-width: 683px) 100vw, 683px\" \/><\/figure><\/li><li class=\"blocks-gallery-item\"><figure><img loading=\"lazy\" decoding=\"async\" width=\"683\" height=\"1024\" src=\"http:\/\/fundacioncomunitariamalinalco.org\/newsite\/wp-content\/uploads\/2019\/01\/Orquesta_ComUniverso6-683x1024.jpg\" alt=\"\" data-id=\"625\" data-link=\"http:\/\/fundacioncomunitariamalinalco.org\/newsite\/fondo-orquesta-sinfonica-malinalco\/orquesta_comuniverso6\/\" class=\"wp-image-625\" srcset=\"https:\/\/fundacioncomunitariamalinalco.org\/wp-content\/uploads\/2019\/01\/Orquesta_ComUniverso6-683x1024.jpg 683w, https:\/\/fundacioncomunitariamalinalco.org\/wp-content\/uploads\/2019\/01\/Orquesta_ComUniverso6-200x300.jpg 200w, https:\/\/fundacioncomunitariamalinalco.org\/wp-content\/uploads\/2019\/01\/Orquesta_ComUniverso6-768x1152.jpg 768w, https:\/\/fundacioncomunitariamalinalco.org\/wp-content\/uploads\/2019\/01\/Orquesta_ComUniverso6.jpg 2000w\" sizes=\"(max-width: 683px) 100vw, 683px\" \/><\/figure><\/li><li class=\"blocks-gallery-item\"><figure><img loading=\"lazy\" decoding=\"async\" width=\"683\" height=\"1024\" src=\"http:\/\/fundacioncomunitariamalinalco.org\/newsite\/wp-content\/uploads\/2019\/01\/Orquesta_ComUniverso3-683x1024.jpg\" alt=\"\" data-id=\"622\" data-link=\"http:\/\/fundacioncomunitariamalinalco.org\/newsite\/fondo-orquesta-sinfonica-malinalco\/orquesta_comuniverso3\/\" class=\"wp-image-622 is-layout-flex wp-block-gallery-is-layout-flex\" srcset=\"https:\/\/fundacioncomunitariamalinalco.org\/wp-content\/uploads\/2019\/01\/Orquesta_ComUniverso3-683x1024.jpg 683w, https:\/\/fundacioncomunitariamalinalco.org\/wp-content\/uploads\/2019\/01\/Orquesta_ComUniverso3-200x300.jpg 200w, https:\/\/fundacioncomunitariamalinalco.org\/wp-content\/uploads\/2019\/01\/Orquesta_ComUniverso3-768x1152.jpg 768w, https:\/\/fundacioncomunitariamalinalco.org\/wp-content\/uploads\/2019\/01\/Orquesta_ComUniverso3.jpg 2000w\" sizes=\"(max-width: 683px) 100vw, 683px\" \/><\/figure><\/li><\/ul>\n\n\n\n<div style=\"height:29px\" aria-hidden=\"true\" class=\"wp-block-spacer\"><\/div>\n\n\n\n<p>&nbsp;Los&nbsp; ni\u00f1os y j\u00f3venes que asisten a la Orquesta, ahora cuentan con m\u00e1s oportunidades de desarrollo y calidad gracias al esfuerzo y la entrega de todo el equipo de la Orquesta Malinalco quienes diariamente los preparan para una excelente calidad musical y as\u00ed estar dentro de las mejores Orquestas Esperanza Azteca.<\/p>\n\n\n\n<div style=\"height:20px\" aria-hidden=\"true\" class=\"wp-block-spacer\"><\/div>\n\n\n\n<ul class=\"wp-block-gallery columns-3 is-cropped wp-block-gallery-2\"><li class=\"blocks-gallery-item\"><figure><img loading=\"lazy\" decoding=\"async\" width=\"732\" height=\"582\" src=\"http:\/\/fundacioncomunitariamalinalco.org\/newsite\/wp-content\/uploads\/2019\/01\/AVATAR_FONDOS_O4.png\" alt=\"\" data-id=\"902\" data-link=\"http:\/\/fundacioncomunitariamalinalco.org\/newsite\/avatar_fondos_o4\/\" class=\"wp-image-902\" srcset=\"https:\/\/fundacioncomunitariamalinalco.org\/wp-content\/uploads\/2019\/01\/AVATAR_FONDOS_O4.png 732w, https:\/\/fundacioncomunitariamalinalco.org\/wp-content\/uploads\/2019\/01\/AVATAR_FONDOS_O4-300x239.png 300w\" sizes=\"(max-width: 732px) 100vw, 732px\" \/><\/figure><\/li><li class=\"blocks-gallery-item\"><figure><img loading=\"lazy\" decoding=\"async\" width=\"732\" height=\"582\" src=\"http:\/\/fundacioncomunitariamalinalco.org\/newsite\/wp-content\/uploads\/2019\/01\/AVATAR_FONDOS_O2.png\" alt=\"\" data-id=\"899\" data-link=\"http:\/\/fundacioncomunitariamalinalco.org\/newsite\/avatar_fondos_o2\/\" class=\"wp-image-899\" srcset=\"https:\/\/fundacioncomunitariamalinalco.org\/wp-content\/uploads\/2019\/01\/AVATAR_FONDOS_O2.png 732w, https:\/\/fundacioncomunitariamalinalco.org\/wp-content\/uploads\/2019\/01\/AVATAR_FONDOS_O2-300x239.png 300w\" sizes=\"(max-width: 732px) 100vw, 732px\" \/><\/figure><\/li><li class=\"blocks-gallery-item\"><figure><img loading=\"lazy\" decoding=\"async\" width=\"1024\" height=\"683\" src=\"http:\/\/fundacioncomunitariamalinalco.org\/newsite\/wp-content\/uploads\/2019\/01\/FUNDACION_MALI057-1024x683.jpg\" alt=\"\" data-id=\"1095\" data-link=\"http:\/\/fundacioncomunitariamalinalco.org\/newsite\/fundacion_mali057\/\" class=\"wp-image-1095 is-layout-flex wp-block-gallery-is-layout-flex\" srcset=\"https:\/\/fundacioncomunitariamalinalco.org\/wp-content\/uploads\/2019\/01\/FUNDACION_MALI057-1024x683.jpg 1024w, https:\/\/fundacioncomunitariamalinalco.org\/wp-content\/uploads\/2019\/01\/FUNDACION_MALI057-300x200.jpg 300w, https:\/\/fundacioncomunitariamalinalco.org\/wp-content\/uploads\/2019\/01\/FUNDACION_MALI057-768x512.jpg 768w\" sizes=\"(max-width: 1024px) 100vw, 1024px\" \/><\/figure><\/li><\/ul>\n\n\n\n<div style=\"height:20px\" aria-hidden=\"true\" class=\"wp-block-spacer\"><\/div>\n\n\n\n<p>Cada integrante de la Orquesta ha sido impactado positivamente de varias maneras. Por un lado,&nbsp; al descubrir sus talentos, el alumno desarrolla m\u00e1s seguridad en s\u00ed mismo, disciplina, madurez, trabajo en equipo incluyendo tambi\u00e9n a las familias y comunidad.<\/p>\n\n\n\n<div style=\"height:30px\" aria-hidden=\"true\" class=\"wp-block-spacer\"><\/div>\n\n\n\n<figure class=\"wp-block-embed-youtube wp-block-embed is-type-video is-provider-youtube wp-embed-aspect-16-9 wp-has-aspect-ratio\"><div class=\"wp-block-embed__wrapper\">\n<iframe title=\"Concierto Esperanza Azteca Malinalco\" width=\"640\" height=\"360\" src=\"https:\/\/www.youtube.com\/embed\/6tY6_HqXzTo?list=PLp6iNUEYQGoMgnhM1-x_MdYfwIuDZ1yLU\" frameborder=\"0\" allow=\"accelerometer; autoplay; clipboard-write; encrypted-media; gyroscope; picture-in-picture; web-share\" referrerpolicy=\"strict-origin-when-cross-origin\" allowfullscreen><\/iframe>\n<\/div><\/figure>\n\n\n\n<div style=\"height:55px\" aria-hidden=\"true\" class=\"wp-block-spacer\"><\/div>","protected":false},"excerpt":{"rendered":"<p>La Orquesta Malinalco es un sue\u00f1o hecho realidad, desde mayo del 2015, los ni\u00f1os y j\u00f3venes de&nbsp; 6 y 20 [&hellip;]<\/p>\n","protected":false},"author":2,"featured_media":230,"parent":0,"menu_order":0,"comment_status":"closed","ping_status":"closed","template":"page-hacemos-fondos.php","meta":{"_editorskit_title_hidden":false,"_editorskit_reading_time":0,"_editorskit_is_block_options_detached":false,"_editorskit_block_options_position":"{}","_eb_attr":"","advgb_blocks_editor_width":"","advgb_blocks_columns_visual_guide":"","pgc_sgb_lightbox_settings":"","footnotes":""},"categories":[],"class_list":["post-160","page","type-page","status-publish","has-post-thumbnail","hentry"],"coauthors":[],"author_meta":{"author_link":"https:\/\/fundacioncomunitariamalinalco.org\/en\/author\/friedalocu\/","display_name":"friedalocu"},"relative_dates":{"created":"Posted 7 years ago","modified":"Updated 7 years ago"},"absolute_dates":{"created":"Posted on 19 December, 2018","modified":"Updated on 13 March, 2019"},"absolute_dates_time":{"created":"Posted on 19 December, 2018 1:23 pm","modified":"Updated on 13 March, 2019 4:42 pm"},"featured_img_caption":"","featured_img":"https:\/\/fundacioncomunitariamalinalco.org\/wp-content\/uploads\/2018\/12\/BANNER-ORQUESTA.jpg","series_order":"","_links":{"self":[{"href":"https:\/\/fundacioncomunitariamalinalco.org\/en\/wp-json\/wp\/v2\/pages\/160","targetHints":{"allow":["GET"]}}],"collection":[{"href":"https:\/\/fundacioncomunitariamalinalco.org\/en\/wp-json\/wp\/v2\/pages"}],"about":[{"href":"https:\/\/fundacioncomunitariamalinalco.org\/en\/wp-json\/wp\/v2\/types\/page"}],"author":[{"embeddable":true,"href":"https:\/\/fundacioncomunitariamalinalco.org\/en\/wp-json\/wp\/v2\/users\/2"}],"replies":[{"embeddable":true,"href":"https:\/\/fundacioncomunitariamalinalco.org\/en\/wp-json\/wp\/v2\/comments?post=160"}],"version-history":[{"count":21,"href":"https:\/\/fundacioncomunitariamalinalco.org\/en\/wp-json\/wp\/v2\/pages\/160\/revisions"}],"predecessor-version":[{"id":1974,"href":"https:\/\/fundacioncomunitariamalinalco.org\/en\/wp-json\/wp\/v2\/pages\/160\/revisions\/1974"}],"wp:featuredmedia":[{"embeddable":true,"href":"https:\/\/fundacioncomunitariamalinalco.org\/en\/wp-json\/wp\/v2\/media\/230"}],"wp:attachment":[{"href":"https:\/\/fundacioncomunitariamalinalco.org\/en\/wp-json\/wp\/v2\/media?parent=160"}],"wp:term":[{"taxonomy":"category","embeddable":true,"href":"https:\/\/fundacioncomunitariamalinalco.org\/en\/wp-json\/wp\/v2\/categories?post=160"}],"curies":[{"name":"wp","href":"https:\/\/api.w.org\/{rel}","templated":true}]}}