{"id":162,"date":"2018-12-19T13:28:01","date_gmt":"2018-12-19T19:28:01","guid":{"rendered":"http:\/\/fundacioncomunitariamalinalco.org\/newsite\/?page_id=162"},"modified":"2019-03-13T16:43:14","modified_gmt":"2019-03-13T22:43:14","slug":"fondo-educacion-ameyalli","status":"publish","type":"page","link":"https:\/\/fundacioncomunitariamalinalco.org\/en\/fondo-educacion-ameyalli\/","title":{"rendered":"Fondo Educaci\u00f3n &#8211; Voces y visiones de Malinalco"},"content":{"rendered":"<p><strong>Fondo&nbsp;de&nbsp;educaci\u00f3n<\/strong><\/p>\n\n\n\n<p>Voces y Visiones &nbsp;es una asociaci\u00f3n civil enfocada en educaci\u00f3n, ubicada en Malinalco.&nbsp;<\/p>\n\n\n\n<p>Nuestro prop\u00f3sito estrat\u00e9gico se centra en disminuir la desigualdad en el sistema educativo en la regi\u00f3n, causado por el limitado curr\u00edculum de educaci\u00f3n, la desigualdad social, la inseguridad de oportunidades educativas, la disminuida atenci\u00f3n a la salud mental, las pr\u00e1cticas pedag\u00f3gicas obsoletas.<\/p>\n\n\n\n<div style=\"height:20px\" aria-hidden=\"true\" class=\"wp-block-spacer\"><\/div>\n\n\n\n<ul class=\"wp-block-gallery columns-3 is-cropped wp-block-gallery-1\"><li class=\"blocks-gallery-item\"><figure><img fetchpriority=\"high\" decoding=\"async\" width=\"480\" height=\"640\" src=\"http:\/\/fundacioncomunitariamalinalco.org\/newsite\/wp-content\/uploads\/2019\/01\/AULA-DE-COMPUTO-_4.jpg\" alt=\"\" data-id=\"1475\" data-link=\"http:\/\/fundacioncomunitariamalinalco.org\/newsite\/aula-de-computo-_4\/\" class=\"wp-image-1475\" srcset=\"https:\/\/fundacioncomunitariamalinalco.org\/wp-content\/uploads\/2019\/01\/AULA-DE-COMPUTO-_4.jpg 480w, https:\/\/fundacioncomunitariamalinalco.org\/wp-content\/uploads\/2019\/01\/AULA-DE-COMPUTO-_4-225x300.jpg 225w\" sizes=\"(max-width: 480px) 100vw, 480px\" \/><\/figure><\/li><li class=\"blocks-gallery-item\"><figure><img decoding=\"async\" width=\"1024\" height=\"768\" src=\"http:\/\/fundacioncomunitariamalinalco.org\/newsite\/wp-content\/uploads\/2019\/01\/IMG_1258-1024x768.jpg\" alt=\"\" data-id=\"638\" data-link=\"http:\/\/fundacioncomunitariamalinalco.org\/newsite\/fondo-educacion-ameyalli\/img_1258\/\" class=\"wp-image-638\" srcset=\"https:\/\/fundacioncomunitariamalinalco.org\/wp-content\/uploads\/2019\/01\/IMG_1258-1024x768.jpg 1024w, https:\/\/fundacioncomunitariamalinalco.org\/wp-content\/uploads\/2019\/01\/IMG_1258-300x225.jpg 300w, https:\/\/fundacioncomunitariamalinalco.org\/wp-content\/uploads\/2019\/01\/IMG_1258-768x576.jpg 768w\" sizes=\"(max-width: 1024px) 100vw, 1024px\" \/><\/figure><\/li><li class=\"blocks-gallery-item\"><figure><img decoding=\"async\" width=\"1024\" height=\"764\" src=\"http:\/\/fundacioncomunitariamalinalco.org\/newsite\/wp-content\/uploads\/2019\/01\/IMG_1561-1024x764.jpg\" alt=\"\" data-id=\"653\" data-link=\"http:\/\/fundacioncomunitariamalinalco.org\/newsite\/fondo-educacion-ameyalli\/img_1561\/\" class=\"wp-image-653\" srcset=\"https:\/\/fundacioncomunitariamalinalco.org\/wp-content\/uploads\/2019\/01\/IMG_1561-1024x764.jpg 1024w, https:\/\/fundacioncomunitariamalinalco.org\/wp-content\/uploads\/2019\/01\/IMG_1561-300x224.jpg 300w, https:\/\/fundacioncomunitariamalinalco.org\/wp-content\/uploads\/2019\/01\/IMG_1561-768x573.jpg 768w, https:\/\/fundacioncomunitariamalinalco.org\/wp-content\/uploads\/2019\/01\/IMG_1561.jpg 1280w\" sizes=\"(max-width: 1024px) 100vw, 1024px\" \/><\/figure><\/li><li class=\"blocks-gallery-item\"><figure><img loading=\"lazy\" decoding=\"async\" width=\"960\" height=\"980\" src=\"http:\/\/fundacioncomunitariamalinalco.org\/newsite\/wp-content\/uploads\/2019\/01\/IMG_1402.jpg\" alt=\"\" data-id=\"649\" data-link=\"http:\/\/fundacioncomunitariamalinalco.org\/newsite\/fondo-educacion-ameyalli\/img_1402\/\" class=\"wp-image-649\" srcset=\"https:\/\/fundacioncomunitariamalinalco.org\/wp-content\/uploads\/2019\/01\/IMG_1402.jpg 960w, https:\/\/fundacioncomunitariamalinalco.org\/wp-content\/uploads\/2019\/01\/IMG_1402-294x300.jpg 294w, https:\/\/fundacioncomunitariamalinalco.org\/wp-content\/uploads\/2019\/01\/IMG_1402-768x784.jpg 768w\" sizes=\"(max-width: 960px) 100vw, 960px\" \/><\/figure><\/li><li class=\"blocks-gallery-item\"><figure><img loading=\"lazy\" decoding=\"async\" width=\"1024\" height=\"575\" src=\"http:\/\/fundacioncomunitariamalinalco.org\/newsite\/wp-content\/uploads\/2019\/01\/Voces-y-Visiones1-1024x575.jpg\" alt=\"\" data-id=\"656\" data-link=\"http:\/\/fundacioncomunitariamalinalco.org\/newsite\/fondo-educacion-ameyalli\/voces-y-visiones1\/\" class=\"wp-image-656 is-layout-flex wp-block-gallery-is-layout-flex\" srcset=\"https:\/\/fundacioncomunitariamalinalco.org\/wp-content\/uploads\/2019\/01\/Voces-y-Visiones1-1024x575.jpg 1024w, https:\/\/fundacioncomunitariamalinalco.org\/wp-content\/uploads\/2019\/01\/Voces-y-Visiones1-300x169.jpg 300w, https:\/\/fundacioncomunitariamalinalco.org\/wp-content\/uploads\/2019\/01\/Voces-y-Visiones1-768x431.jpg 768w, https:\/\/fundacioncomunitariamalinalco.org\/wp-content\/uploads\/2019\/01\/Voces-y-Visiones1.jpg 1280w\" sizes=\"(max-width: 1024px) 100vw, 1024px\" \/><\/figure><\/li><\/ul>\n\n\n\n<div style=\"height:30px\" aria-hidden=\"true\" class=\"wp-block-spacer\"><\/div>\n\n\n\n<p><strong>Becas&nbsp;educativas<\/strong><\/p>\n\n\n\n<p>A trav\u00e9s de la Comunidad Educativa Ameyalli ofrecemos servicios educativos a nivel preescolar y primaria a un promedio de 100 ni\u00f1os por a\u00f1o con un programa de desarrollo integral que combina la intervenci\u00f3n entre la mente, cuerpo y esp\u00edritu.<br><\/p>\n\n\n\n<p>Nuestro compromiso ha sido, desde hace m\u00e1s de 15 a\u00f1os, permitir que los ni\u00f1os accedan a una educaci\u00f3n de calidad, centrada en valores. Los ejes transversales de nuestro modelo educativo son la eco-alfabetizaci\u00f3n, el fortalecimiento &nbsp;socio emocional la formaci\u00f3n ciudadana y el arte como v\u00eda expresiva de ideas e hip\u00f3tesis<br><\/p>\n\n\n\n<p>Otorgamos becas al 95% de nuestro alumnado, con diferentes cantidades que se ajustan a sus posibilidades y a cambio los padres ofrecen distintos servicios a la escuela.<\/p>\n\n\n\n<p>Hemos creado el programa \u201cBeca a un ni\u00f1o\u201d en alianza con Fundaci\u00f3n Comunitaria Malinalco, para poder continuar ofreciendo &nbsp;educaci\u00f3n de calidad &nbsp;a mas &nbsp;ni\u00f1os de escasos recursos de la regi\u00f3n .<\/p>\n\n\n\n<div style=\"height:35px\" aria-hidden=\"true\" class=\"wp-block-spacer\"><\/div>\n\n\n\n<ul class=\"wp-block-gallery columns-3 is-cropped wp-block-gallery-2\"><li class=\"blocks-gallery-item\"><figure><img loading=\"lazy\" decoding=\"async\" width=\"1024\" height=\"683\" src=\"http:\/\/fundacioncomunitariamalinalco.org\/newsite\/wp-content\/uploads\/2019\/01\/FUNDACION_MALI177-1024x683.jpg\" alt=\"\" data-id=\"1117\" data-link=\"http:\/\/fundacioncomunitariamalinalco.org\/newsite\/fundacion_mali177\/\" class=\"wp-image-1117\" srcset=\"https:\/\/fundacioncomunitariamalinalco.org\/wp-content\/uploads\/2019\/01\/FUNDACION_MALI177-1024x683.jpg 1024w, https:\/\/fundacioncomunitariamalinalco.org\/wp-content\/uploads\/2019\/01\/FUNDACION_MALI177-300x200.jpg 300w, https:\/\/fundacioncomunitariamalinalco.org\/wp-content\/uploads\/2019\/01\/FUNDACION_MALI177-768x512.jpg 768w\" sizes=\"(max-width: 1024px) 100vw, 1024px\" \/><\/figure><\/li><li class=\"blocks-gallery-item\"><figure><img loading=\"lazy\" decoding=\"async\" width=\"1024\" height=\"768\" src=\"http:\/\/fundacioncomunitariamalinalco.org\/newsite\/wp-content\/uploads\/2019\/01\/PHOTO-2018-09-08-11-22-41-4-1024x768.jpg\" alt=\"\" data-id=\"1472\" data-link=\"http:\/\/fundacioncomunitariamalinalco.org\/newsite\/photo-2018-09-08-11-22-41-4\/\" class=\"wp-image-1472\" srcset=\"https:\/\/fundacioncomunitariamalinalco.org\/wp-content\/uploads\/2019\/01\/PHOTO-2018-09-08-11-22-41-4-1024x768.jpg 1024w, https:\/\/fundacioncomunitariamalinalco.org\/wp-content\/uploads\/2019\/01\/PHOTO-2018-09-08-11-22-41-4-300x225.jpg 300w, https:\/\/fundacioncomunitariamalinalco.org\/wp-content\/uploads\/2019\/01\/PHOTO-2018-09-08-11-22-41-4-768x576.jpg 768w, https:\/\/fundacioncomunitariamalinalco.org\/wp-content\/uploads\/2019\/01\/PHOTO-2018-09-08-11-22-41-4.jpg 1280w\" sizes=\"(max-width: 1024px) 100vw, 1024px\" \/><\/figure><\/li><li class=\"blocks-gallery-item\"><figure><img loading=\"lazy\" decoding=\"async\" width=\"1024\" height=\"798\" src=\"http:\/\/fundacioncomunitariamalinalco.org\/newsite\/wp-content\/uploads\/2019\/01\/PHOTO-2018-09-08-11-22-40-1024x798.jpg\" alt=\"\" data-id=\"1473\" data-link=\"http:\/\/fundacioncomunitariamalinalco.org\/newsite\/photo-2018-09-08-11-22-40\/\" class=\"wp-image-1473\" srcset=\"https:\/\/fundacioncomunitariamalinalco.org\/wp-content\/uploads\/2019\/01\/PHOTO-2018-09-08-11-22-40-1024x798.jpg 1024w, https:\/\/fundacioncomunitariamalinalco.org\/wp-content\/uploads\/2019\/01\/PHOTO-2018-09-08-11-22-40-300x234.jpg 300w, https:\/\/fundacioncomunitariamalinalco.org\/wp-content\/uploads\/2019\/01\/PHOTO-2018-09-08-11-22-40-768x599.jpg 768w, https:\/\/fundacioncomunitariamalinalco.org\/wp-content\/uploads\/2019\/01\/PHOTO-2018-09-08-11-22-40.jpg 1280w\" sizes=\"(max-width: 1024px) 100vw, 1024px\" \/><\/figure><\/li><li class=\"blocks-gallery-item\"><figure><img loading=\"lazy\" decoding=\"async\" width=\"1024\" height=\"646\" src=\"http:\/\/fundacioncomunitariamalinalco.org\/newsite\/wp-content\/uploads\/2019\/01\/PHOTO-2018-09-08-11-22-41-7-1024x646.jpg\" alt=\"\" data-id=\"1471\" data-link=\"http:\/\/fundacioncomunitariamalinalco.org\/newsite\/photo-2018-09-08-11-22-41-7\/\" class=\"wp-image-1471\" srcset=\"https:\/\/fundacioncomunitariamalinalco.org\/wp-content\/uploads\/2019\/01\/PHOTO-2018-09-08-11-22-41-7-1024x646.jpg 1024w, https:\/\/fundacioncomunitariamalinalco.org\/wp-content\/uploads\/2019\/01\/PHOTO-2018-09-08-11-22-41-7-300x189.jpg 300w, https:\/\/fundacioncomunitariamalinalco.org\/wp-content\/uploads\/2019\/01\/PHOTO-2018-09-08-11-22-41-7-768x485.jpg 768w, https:\/\/fundacioncomunitariamalinalco.org\/wp-content\/uploads\/2019\/01\/PHOTO-2018-09-08-11-22-41-7.jpg 1280w\" sizes=\"(max-width: 1024px) 100vw, 1024px\" \/><\/figure><\/li><li class=\"blocks-gallery-item\"><figure><img loading=\"lazy\" decoding=\"async\" width=\"1024\" height=\"768\" src=\"http:\/\/fundacioncomunitariamalinalco.org\/newsite\/wp-content\/uploads\/2019\/01\/PHOTO-2018-09-08-11-22-41-8-1024x768.jpg\" alt=\"\" data-id=\"1470\" data-link=\"http:\/\/fundacioncomunitariamalinalco.org\/newsite\/photo-2018-09-08-11-22-41-8\/\" class=\"wp-image-1470 is-layout-flex wp-block-gallery-is-layout-flex\" srcset=\"https:\/\/fundacioncomunitariamalinalco.org\/wp-content\/uploads\/2019\/01\/PHOTO-2018-09-08-11-22-41-8-1024x768.jpg 1024w, https:\/\/fundacioncomunitariamalinalco.org\/wp-content\/uploads\/2019\/01\/PHOTO-2018-09-08-11-22-41-8-300x225.jpg 300w, https:\/\/fundacioncomunitariamalinalco.org\/wp-content\/uploads\/2019\/01\/PHOTO-2018-09-08-11-22-41-8-768x576.jpg 768w, https:\/\/fundacioncomunitariamalinalco.org\/wp-content\/uploads\/2019\/01\/PHOTO-2018-09-08-11-22-41-8.jpg 1280w\" sizes=\"(max-width: 1024px) 100vw, 1024px\" \/><\/figure><\/li><\/ul>\n\n\n\n<div style=\"height:33px\" aria-hidden=\"true\" class=\"wp-block-spacer\"><\/div>\n\n\n\n<p><strong>Formaci\u00f3n&nbsp;comunitaria&nbsp;de&nbsp;padres&nbsp;y&nbsp;maestros<\/strong><\/p>\n\n\n\n<p>Este programa fue dise\u00f1ado para formar a padres y maestros con contenidos te\u00f3rico-pr\u00e1cticos en materias especializadas en tres ejes: educaci\u00f3n, formaci\u00f3n integral y pr\u00e1cticas de crianza.&nbsp;<\/p>\n\n\n\n<p>Apostamos a la formaci\u00f3n y fortalecimiento &nbsp;de todos los distintos actores que conforman una comunidad educativa.<\/p>\n\n\n\n<p>El programa \u201cBeca a un maestro\u201d est\u00e1 abierto a padres y maestros de otras escuelas de la regi\u00f3n.&nbsp;<\/p>\n\n\n\n<div style=\"height:70px\" aria-hidden=\"true\" class=\"wp-block-spacer\"><\/div>","protected":false},"excerpt":{"rendered":"<p>Fondo&nbsp;de&nbsp;educaci\u00f3n Voces y Visiones &nbsp;es una asociaci\u00f3n civil enfocada en educaci\u00f3n, ubicada en Malinalco.&nbsp; Nuestro prop\u00f3sito estrat\u00e9gico se centra en [&hellip;]<\/p>\n","protected":false},"author":2,"featured_media":231,"parent":0,"menu_order":0,"comment_status":"closed","ping_status":"closed","template":"page-hacemos-fondos.php","meta":{"_editorskit_title_hidden":false,"_editorskit_reading_time":0,"_editorskit_is_block_options_detached":false,"_editorskit_block_options_position":"{}","_eb_attr":"","advgb_blocks_editor_width":"","advgb_blocks_columns_visual_guide":"","pgc_sgb_lightbox_settings":"","footnotes":""},"categories":[],"class_list":["post-162","page","type-page","status-publish","has-post-thumbnail","hentry"],"coauthors":[],"author_meta":{"author_link":"https:\/\/fundacioncomunitariamalinalco.org\/en\/author\/friedalocu\/","display_name":"friedalocu"},"relative_dates":{"created":"Posted 7 years ago","modified":"Updated 7 years ago"},"absolute_dates":{"created":"Posted on 19 December, 2018","modified":"Updated on 13 March, 2019"},"absolute_dates_time":{"created":"Posted on 19 December, 2018 1:28 pm","modified":"Updated on 13 March, 2019 4:43 pm"},"featured_img_caption":"","featured_img":"https:\/\/fundacioncomunitariamalinalco.org\/wp-content\/uploads\/2018\/12\/BANNER-EDUCACION-AMEYALLI.jpg","series_order":"","_links":{"self":[{"href":"https:\/\/fundacioncomunitariamalinalco.org\/en\/wp-json\/wp\/v2\/pages\/162","targetHints":{"allow":["GET"]}}],"collection":[{"href":"https:\/\/fundacioncomunitariamalinalco.org\/en\/wp-json\/wp\/v2\/pages"}],"about":[{"href":"https:\/\/fundacioncomunitariamalinalco.org\/en\/wp-json\/wp\/v2\/types\/page"}],"author":[{"embeddable":true,"href":"https:\/\/fundacioncomunitariamalinalco.org\/en\/wp-json\/wp\/v2\/users\/2"}],"replies":[{"embeddable":true,"href":"https:\/\/fundacioncomunitariamalinalco.org\/en\/wp-json\/wp\/v2\/comments?post=162"}],"version-history":[{"count":21,"href":"https:\/\/fundacioncomunitariamalinalco.org\/en\/wp-json\/wp\/v2\/pages\/162\/revisions"}],"predecessor-version":[{"id":1976,"href":"https:\/\/fundacioncomunitariamalinalco.org\/en\/wp-json\/wp\/v2\/pages\/162\/revisions\/1976"}],"wp:featuredmedia":[{"embeddable":true,"href":"https:\/\/fundacioncomunitariamalinalco.org\/en\/wp-json\/wp\/v2\/media\/231"}],"wp:attachment":[{"href":"https:\/\/fundacioncomunitariamalinalco.org\/en\/wp-json\/wp\/v2\/media?parent=162"}],"wp:term":[{"taxonomy":"category","embeddable":true,"href":"https:\/\/fundacioncomunitariamalinalco.org\/en\/wp-json\/wp\/v2\/categories?post=162"}],"curies":[{"name":"wp","href":"https:\/\/api.w.org\/{rel}","templated":true}]}}