{"id":177,"date":"2018-12-19T15:59:52","date_gmt":"2018-12-19T21:59:52","guid":{"rendered":"http:\/\/fundacioncomunitariamalinalco.org\/newsite\/?page_id=177"},"modified":"2023-10-26T17:09:19","modified_gmt":"2023-10-26T23:09:19","slug":"haz-tu-donativo-b","status":"publish","type":"page","link":"https:\/\/fundacioncomunitariamalinalco.org\/en\/haz-tu-donativo-b\/","title":{"rendered":"Haz tu donativo"},"content":{"rendered":"<div data-elementor-type=\"wp-page\" data-elementor-id=\"177\" class=\"elementor elementor-177\">\n\t\t\t\t\t\t<section class=\"elementor-section elementor-top-section elementor-element elementor-element-66f77ae elementor-section-boxed elementor-section-height-default elementor-section-height-default\" data-id=\"66f77ae\" data-element_type=\"section\" data-e-type=\"section\">\n\t\t\t\t\t\t<div class=\"elementor-container elementor-column-gap-default\">\n\t\t\t\t\t<div class=\"elementor-column elementor-col-100 elementor-top-column elementor-element elementor-element-317b5d9\" data-id=\"317b5d9\" data-element_type=\"column\" data-e-type=\"column\">\n\t\t\t<div class=\"elementor-widget-wrap elementor-element-populated\">\n\t\t\t\t\t\t<div class=\"elementor-element elementor-element-7af1ec5 elementor-widget elementor-widget-text-editor\" data-id=\"7af1ec5\" data-element_type=\"widget\" data-e-type=\"widget\" data-widget_type=\"text-editor.default\">\n\t\t\t\t<div class=\"elementor-widget-container\">\n\t\t\t\t\t\t\t\t\tTodos podemos participar en la transformaci\u00f3n positiva de nuestra comunidad<br \/><strong>\u00a1Unidos hacemos la diferencia!\t\t\t\t\t\t\t\t<\/div>\n\t\t\t\t<\/div>\n\t\t\t\t<section class=\"elementor-section elementor-inner-section elementor-element elementor-element-fdbee8d elementor-section-boxed elementor-section-height-default elementor-section-height-default\" data-id=\"fdbee8d\" data-element_type=\"section\" data-e-type=\"section\">\n\t\t\t\t\t\t<div class=\"elementor-container elementor-column-gap-default\">\n\t\t\t\t\t<div class=\"elementor-column elementor-col-33 elementor-inner-column elementor-element elementor-element-bcdc133\" data-id=\"bcdc133\" data-element_type=\"column\" data-e-type=\"column\">\n\t\t\t<div class=\"elementor-widget-wrap elementor-element-populated\">\n\t\t\t\t\t\t<div class=\"elementor-element elementor-element-0f41869 elementor-widget elementor-widget-image\" data-id=\"0f41869\" data-element_type=\"widget\" data-e-type=\"widget\" data-widget_type=\"image.default\">\n\t\t\t\t<div class=\"elementor-widget-container\">\n\t\t\t\t\t\t\t\t\t\t\t\t\t\t\t\t<a href=\"https:\/\/fundacioncomunitariamalinalco.org\/en\/programa-jovenes-agentes-de-cambio\/\">\n\t\t\t\t\t\t\t<img decoding=\"async\" src=\"https:\/\/fundacioncomunitariamalinalco.org\/wp-content\/uploads\/elementor\/thumbs\/icono-jovenesagentes-pgjxlib21n2jnu87xxgav0vxddplje5994gytam9gc.png\" title=\"icono-jovenesagentes\" alt=\"icono-jovenesagentes\" loading=\"lazy\" \/>\t\t\t\t\t\t\t\t<\/a>\n\t\t\t\t\t\t\t\t\t\t\t\t\t\t\t<\/div>\n\t\t\t\t<\/div>\n\t\t\t\t<div class=\"elementor-element elementor-element-231e032 elementor-widget elementor-widget-icon-box\" data-id=\"231e032\" data-element_type=\"widget\" data-e-type=\"widget\" data-widget_type=\"icon-box.default\">\n\t\t\t\t<div class=\"elementor-widget-container\">\n\t\t\t\t\t\t\t<div class=\"elementor-icon-box-wrapper\">\n\n\t\t\t\n\t\t\t\t\t\t<div class=\"elementor-icon-box-content\">\n\n\t\t\t\t\n\t\t\t\t\t\t\t\t\t<p class=\"elementor-icon-box-description\">\n\t\t\t\t\t\tPromovemos\nel empoderamiento\ny emprendimiento\nde grupos de j\u00f3venes promotores del cambio.\t\t\t\t\t<\/p>\n\t\t\t\t\n\t\t\t<\/div>\n\t\t\t\n\t\t<\/div>\n\t\t\t\t\t\t<\/div>\n\t\t\t\t<\/div>\n\t\t\t\t\t<\/div>\n\t\t<\/div>\n\t\t\t\t<div class=\"elementor-column elementor-col-33 elementor-inner-column elementor-element elementor-element-cdc467c\" data-id=\"cdc467c\" data-element_type=\"column\" data-e-type=\"column\">\n\t\t\t<div class=\"elementor-widget-wrap elementor-element-populated\">\n\t\t\t\t\t\t<div class=\"elementor-element elementor-element-487dcb4 elementor-widget elementor-widget-image\" data-id=\"487dcb4\" data-element_type=\"widget\" data-e-type=\"widget\" data-widget_type=\"image.default\">\n\t\t\t\t<div class=\"elementor-widget-container\">\n\t\t\t\t\t\t\t\t\t\t\t\t\t\t\t\t<a href=\"https:\/\/fundacioncomunitariamalinalco.org\/en\/que-hacemos\/programa-cultura-forestal\/\">\n\t\t\t\t\t\t\t<img decoding=\"async\" src=\"https:\/\/fundacioncomunitariamalinalco.org\/wp-content\/uploads\/elementor\/thumbs\/icono_culturaF-pgjxmyy04mmgpd8ida7zmm8zcdwt6sw6n4eutzo6ze.png\" title=\"icono_culturaF\" alt=\"icono_culturaF\" loading=\"lazy\" \/>\t\t\t\t\t\t\t\t<\/a>\n\t\t\t\t\t\t\t\t\t\t\t\t\t\t\t<\/div>\n\t\t\t\t<\/div>\n\t\t\t\t<div class=\"elementor-element elementor-element-571baba elementor-widget elementor-widget-icon-box\" data-id=\"571baba\" data-element_type=\"widget\" data-e-type=\"widget\" data-widget_type=\"icon-box.default\">\n\t\t\t\t<div class=\"elementor-widget-container\">\n\t\t\t\t\t\t\t<div class=\"elementor-icon-box-wrapper\">\n\n\t\t\t\n\t\t\t\t\t\t<div class=\"elementor-icon-box-content\">\n\n\t\t\t\t\n\t\t\t\t\t\t\t\t\t<p class=\"elementor-icon-box-description\">\n\t\t\t\t\t\tFomentamos\nel restablecimiento\nde una cultura forestal sustentable, que ayude\na la regeneraci\u00f3n y protecci\u00f3n de los bosques y nuestros recursos naturales.\t\t\t\t\t<\/p>\n\t\t\t\t\n\t\t\t<\/div>\n\t\t\t\n\t\t<\/div>\n\t\t\t\t\t\t<\/div>\n\t\t\t\t<\/div>\n\t\t\t\t\t<\/div>\n\t\t<\/div>\n\t\t\t\t<div class=\"elementor-column elementor-col-33 elementor-inner-column elementor-element elementor-element-5768149\" data-id=\"5768149\" data-element_type=\"column\" data-e-type=\"column\">\n\t\t\t<div class=\"elementor-widget-wrap elementor-element-populated\">\n\t\t\t\t\t\t<div class=\"elementor-element elementor-element-f3fb05e elementor-widget elementor-widget-image\" data-id=\"f3fb05e\" data-element_type=\"widget\" data-e-type=\"widget\" data-widget_type=\"image.default\">\n\t\t\t\t<div class=\"elementor-widget-container\">\n\t\t\t\t\t\t\t\t\t\t\t\t\t\t\t\t<a href=\"https:\/\/fundacioncomunitariamalinalco.org\/en\/fortalecimiento-y-subdonaciones\/\">\n\t\t\t\t\t\t\t<img decoding=\"async\" src=\"https:\/\/fundacioncomunitariamalinalco.org\/wp-content\/uploads\/2021\/11\/i\u0301cono_fortalecimiento.png\" title=\"i\u0301cono_fortalecimiento\" alt=\"i\u0301cono_fortalecimiento\" loading=\"lazy\" \/>\t\t\t\t\t\t\t\t<\/a>\n\t\t\t\t\t\t\t\t\t\t\t\t\t\t\t<\/div>\n\t\t\t\t<\/div>\n\t\t\t\t<div class=\"elementor-element elementor-element-a1c6620 elementor-widget elementor-widget-icon-box\" data-id=\"a1c6620\" data-element_type=\"widget\" data-e-type=\"widget\" data-widget_type=\"icon-box.default\">\n\t\t\t\t<div class=\"elementor-widget-container\">\n\t\t\t\t\t\t\t<div class=\"elementor-icon-box-wrapper\">\n\n\t\t\t\n\t\t\t\t\t\t<div class=\"elementor-icon-box-content\">\n\n\t\t\t\t\n\t\t\t\t\t\t\t\t\t<p class=\"elementor-icon-box-description\">\n\t\t\t\t\t\tFortalecemos iniciativas locales de colectivos\ny organizaciones que contribuyan a mejorar\nel entorno econ\u00f3mico, social y ambiental\nde nuestra comunidad.\t\t\t\t\t<\/p>\n\t\t\t\t\n\t\t\t<\/div>\n\t\t\t\n\t\t<\/div>\n\t\t\t\t\t\t<\/div>\n\t\t\t\t<\/div>\n\t\t\t\t\t<\/div>\n\t\t<\/div>\n\t\t\t\t\t<\/div>\n\t\t<\/section>\n\t\t\t\t\t<\/div>\n\t\t<\/div>\n\t\t\t\t\t<\/div>\n\t\t<\/section>\n\t\t\t\t<section class=\"elementor-section elementor-top-section elementor-element elementor-element-2e89fd3e elementor-section-boxed elementor-section-height-default elementor-section-height-default\" data-id=\"2e89fd3e\" data-element_type=\"section\" data-e-type=\"section\">\n\t\t\t\t\t\t<div class=\"elementor-container elementor-column-gap-default\">\n\t\t\t\t\t<div class=\"elementor-column elementor-col-100 elementor-top-column elementor-element elementor-element-3747c649\" data-id=\"3747c649\" data-element_type=\"column\" data-e-type=\"column\">\n\t\t\t<div class=\"elementor-widget-wrap elementor-element-populated\">\n\t\t\t\t\t\t<div class=\"elementor-element elementor-element-301fe1ea elementor-widget elementor-widget-text-editor\" data-id=\"301fe1ea\" data-element_type=\"widget\" data-e-type=\"widget\" data-widget_type=\"text-editor.default\">\n\t\t\t\t<div class=\"elementor-widget-container\">\n\t\t\t\t\t\t\t\t\t<p><\/p>\n<hr class=\"wp-block-separator has-text-color has-background has-vivid-red-background-color has-vivid-red-color\">\n<p><\/p>\n<p><\/p>\n<div class=\"wp-block-advgb-accordion advgb-accordion-block\" style=\"margin-bottom: 15px;\">\n<div class=\"advgb-accordion-header\" style=\"background-color: #d2f4f5; color: #313131; border-style: solid; border-width: 0px; border-radius: 2px;\">\n<h4 class=\"advgb-accordion-header-title\">1- Donativo por transferencia bancaria<\/h4>\n<\/div>\n<div class=\"advgb-accordion-body\" style=\"border-style: solid; border-width: 0px; border-radius: 2px;\"><p><\/p>\n<p>&nbsp;<\/p>\n<p><\/p>\n<p><\/p>\n<div class=\"wp-block-columns has-2-columns is-layout-flex wp-container-core-columns-is-layout-9d6595d7 wp-block-columns-is-layout-flex\"><p><\/p>\n<div class=\"wp-block-column is-layout-flow wp-block-column-is-layout-flow\"><p><\/p>\n<p>N\u00famero de Cuenta (destino final)<\/p>\n<p><\/p>\n<p><\/p>\n<div class=\"wp-block-spacer\" style=\"height: 27px;\" aria-hidden=\"true\">&nbsp;<\/div>\n<p><\/p>\n<p><\/p>\n<p>N\u00famero de CLABE<\/p>\n<p><\/p>\n<p><\/p>\n<div class=\"wp-block-spacer\" style=\"height: 27px;\" aria-hidden=\"true\">&nbsp;<\/div>\n<p><\/p>\n<p><\/p>\n<p>Nombre de la cuenta * (debe coincidir exactamente el nombre de la cuenta bancaria del donatario)<\/p>\n<p><\/p>\n<p><\/p>\n<div class=\"wp-block-spacer\" style=\"height: 27px;\" aria-hidden=\"true\">&nbsp;<\/div>\n<p><\/p>\n<p><\/p>\n<p>N\u00famero de Sucursal<\/p>\n<p><\/p>\n<p><\/p>\n<div class=\"wp-block-spacer\" style=\"height: 27px;\" aria-hidden=\"true\">&nbsp;<\/div>\n<p><\/p>\n<p><\/p>\n<p>Plaza<\/p>\n<p><\/p>\n<p><\/p>\n<div class=\"wp-block-spacer\" style=\"height: 27px;\" aria-hidden=\"true\">&nbsp;<\/div>\n<p><\/p>\n<p><\/p>\n<p>Nombre del Banco<\/p>\n<p><\/p><\/div>\n<p><\/p>\n<p><\/p>\n<div class=\"wp-block-column is-layout-flow wp-block-column-is-layout-flow\"><p><\/p>\n<p>92-001045983<\/p>\n<p><\/p>\n<p><\/p>\n<div class=\"wp-block-spacer\" style=\"height: 27px;\" aria-hidden=\"true\">&nbsp;<\/div>\n<p><\/p>\n<p><\/p>\n<p>014440920010459830<\/p>\n<p><\/p>\n<p><\/p>\n<div class=\"wp-block-spacer\" style=\"height: 27px;\" aria-hidden=\"true\">&nbsp;<\/div>\n<p><\/p>\n<p><\/p>\n<p>FUNDACION COMUNITARIA MALINALCO, AC.<\/p>\n<p><\/p>\n<p><\/p>\n<div class=\"wp-block-spacer\" style=\"height: 52px;\" aria-hidden=\"true\">&nbsp;<\/div>\n<p><\/p>\n<p><\/p>\n<p>5187<\/p>\n<p><\/p>\n<p><\/p>\n<div class=\"wp-block-spacer\" style=\"height: 27px;\" aria-hidden=\"true\">&nbsp;<\/div>\n<p><\/p>\n<p><\/p>\n<p>Malinalco<\/p>\n<p><\/p>\n<p><\/p>\n<div class=\"wp-block-spacer\" style=\"height: 27px;\" aria-hidden=\"true\">&nbsp;<\/div>\n<p><\/p>\n<p><\/p>\n<p>BANCO SANTANDER, S.A.<\/p>\n<p><\/p><\/div>\n<p><\/p><\/div>\n<p><\/p><\/div>\n<\/div>\n<p><\/p>\n<p><\/p>\n<div class=\"wp-block-advgb-accordion advgb-accordion-block\" style=\"margin-bottom: 15px;\">\n<div class=\"advgb-accordion-header\" style=\"background-color: #d2f4f5; color: #313131; border-style: solid; border-width: 0px; border-radius: 2px;\">\n<h4 class=\"advgb-accordion-header-title\">2. Donativo con cargo a tarjeta de cr\u00e9dito<\/h4>\n<\/div>\n<div class=\"advgb-accordion-body\" style=\"border-style: solid; border-width: 0px; border-radius: 2px;\"><p><\/p>\n<div class=\"wp-block-spacer\" style=\"height: 20px;\" aria-hidden=\"true\">&nbsp;<\/div>\n<p><\/p>\n<p><\/p>\n<p>Para poder cargar tu donativo a una tarjeta de cr\u00e9dito, necesitamos nos llenes un formato<\/p>\n<p><\/p>\n<p><\/p>\n<div class=\"wp-block-spacer\" style=\"height: 20px;\" aria-hidden=\"true\">&nbsp;<\/div>\n<p><\/p>\n<p><\/p>\n<p class=\"descargar-link has-text-color\" style=\"color: #ff4438;\"><a href=\"http:\/\/fundacioncomunitariamalinalco.org\/newsite\/wp-content\/uploads\/2019\/01\/FormatoDonativoTarjeta-de-credito-FCM.pdf\"><strong>Descargar formato<\/strong><\/a><\/p>\n<p><\/p>\n<p><\/p>\n<p>Ah\u00ed podr\u00e1s especificar si quieres que tu donativo sea \u00fanico o recurrente.&nbsp;<\/p>\n<p><\/p>\n<p><\/p>\n<div class=\"wp-block-spacer\" style=\"height: 20px;\" aria-hidden=\"true\">&nbsp;<\/div>\n<p><\/p>\n<p><\/p>\n<p>b. Una vez que llenes tu hoja env\u00edala a la siguiente direcci\u00f3n: <a href=\"mailto:admon@fcmalinalco.org\">direccionadministrativa@fcmalinalco.org<\/a>&nbsp;<\/p>\n<p><\/p>\n<p><\/p>\n<div class=\"wp-block-spacer\" style=\"height: 20px;\" aria-hidden=\"true\">&nbsp;<\/div>\n<p><\/p>\n<p><\/p>\n<p>c. En esa misma direcci\u00f3n podr\u00e1s pedir tu recibo de donativo mand\u00e1ndo tu informaci\u00f3n completa: <strong>Nombre completo, domicilio fiscal (calle, n\u00famero interior y exterior, colonia, CP, ciudad y pa\u00eds), y tu RFC&nbsp;<\/strong><\/p>\n<p><\/p>\n<p><\/p><\/div>\n<\/div>\n<p><\/p>\n<p><\/p>\n<div class=\"wp-block-advgb-accordion advgb-accordion-block\" style=\"margin-bottom: 15px;\">\n<div class=\"advgb-accordion-header\" style=\"background-color: #d2f4f5; color: #313131; border-style: solid; border-width: 0px; border-radius: 2px;\">\n<h4 class=\"advgb-accordion-header-title\">3. Donativo con cargo a PayPal<\/h4>\n<\/div>\n<div class=\"advgb-accordion-body\" style=\"border-style: solid; border-width: 0px; border-radius: 2px;\"><p><\/p>\n<p>Para que el cobro se haga v\u00eda PayPal ingresa a la siguiente liga:&nbsp;<\/p>\n<p><\/p>\n<p><\/p>\n<p class=\"descargar-link has-text-color\" style=\"color: #ff4438;\"><a href=\"https:\/\/www.paypal.me\/FCMalinalco?ppid=PPC000654&amp;cnac=MX&amp;rsta=es_MX(es_AR)&amp;cust=NE39Z3D3QLET2&amp;unptid=1a501b5a-3070-11e7-b560-441ea14ec5d8&amp;t=&amp;cal=6fd9a313e5f62&amp;calc=6fd9a313e5f62&amp;calf=6fd9a313e5f62&amp;unp_tpcid=ppme-social-business-profile-created&amp;page=main:email&amp;pgrp=main:email&amp;e=op&amp;mchn=em&amp;s=ci&amp;mail=sys\" target=\"_blank\" rel=\"noreferrer noopener\" aria-label=\"Ir a liga! (opens in a new tab)\"><strong>Ir a liga!<\/strong><\/a><\/p>\n<p><\/p>\n<p><\/p>\n<form action=\"https:\/\/www.paypal.com\/cgi-bin\/webscr\" method=\"post\" target=\"_top\"><input name=\"cmd\" type=\"hidden\" value=\"_s-xclick\"> <input name=\"hosted_button_id\" type=\"hidden\" value=\"4FNV34W8RKRB4\"> <input title=\"PayPal - The safer, easier way to pay online!\" alt=\"Donar con el bot\u00f3n PayPal\" name=\"submit\" src=\"https:\/\/www.paypalobjects.com\/es_XC\/MX\/i\/btn\/btn_donateCC_LG.gif\" type=\"image\"> <img decoding=\"async\" src=\"https:\/\/www.paypal.com\/es_MX\/i\/scr\/pixel.gif\" alt=\"\" width=\"1\" height=\"1\" border=\"0\"><\/form>\n<p><\/p>\n<p><\/p>\n<div style=\"display: flex;\">\n<p style=\"margin-right: 10px;\">To make a recurring donation:<\/p>\n<form action=\"https:\/\/www.paypal.com\/cgi-bin\/webscr\" method=\"post\" target=\"_blank\"><p><input name=\"cmd\" type=\"hidden\" value=\"_s-xclick\"> <input name=\"hosted_button_id\" type=\"hidden\" value=\"4X2WEMT35JV2U\"><\/p>\n<table style=\"border-spacing: 10px; border-collapse: initial;\">\n<tbody>\n<tr>\n<td><input name=\"on0\" type=\"hidden\" value=\"Donativo mensual\">Donativo mensual<\/td>\n<\/tr>\n<tr>\n<td><select name=\"os0\"><option value=\"Dona 1\">Dona 1 : $150.00 MXN &#8211; mensual<\/option><option value=\"Dona 2\">Dona 2 : $250.00 MXN &#8211; mensual<\/option><option value=\"Dona 3\">Dona 3 : $300.00 MXN &#8211; mensual<\/option><option value=\"Dona 4\">Dona 4 : $500.00 MXN &#8211; mensual<\/option><option value=\"Dona 5\">Dona 5 : $700.00 MXN &#8211; mensual<\/option><option value=\"Dona 6\">Dona 6 : $900.00 MXN &#8211; mensual<\/option><option value=\"Dona 7\">Dona 7 : $1,000.00 MXN &#8211; mensual<\/option><option value=\"Dona 8\">Dona 8 : $1,200.00 MXN &#8211; mensual<\/option><option value=\"Dona 9\">Dona 9 : $1,500.00 MXN &#8211; mensual<\/option><\/select><\/td>\n<\/tr>\n<\/tbody>\n<\/table>\n<p><input name=\"currency_code\" type=\"hidden\" value=\"MXN\"> <input alt=\"PayPal, la forma m\u00e1s segura y r\u00e1pida de pagar en l\u00ednea.\" name=\"submit\" src=\"https:\/\/www.paypalobjects.com\/es_XC\/i\/btn\/btn_donate_SM.gif\" type=\"image\"> <img decoding=\"async\" src=\"https:\/\/www.paypalobjects.com\/es_XC\/i\/scr\/pixel.gif\" alt=\"\" width=\"1\" height=\"1\" border=\"0\"><\/p><\/form>\n<\/div>\n<p><\/p>\n<p><\/p>\n<div class=\"wp-block-spacer\" style=\"height: 20px;\" aria-hidden=\"true\">&nbsp;<\/div>\n<p><\/p>\n<p><\/p>\n<p>Solicita tu recibo en <a href=\"mailto:admon@fcmalinalco.org\">admon@fcmalinalco.org<\/a>&nbsp;<\/p>\n<p><\/p><\/div>\n<\/div>\n<p><\/p>\n<p><\/p>\n<div class=\"wp-block-spacer\" style=\"height: 27px;\" aria-hidden=\"true\">&nbsp;<\/div>\n<p><\/p>\n<p><\/p>\n<p>Para cualquier informaci\u00f3n o pregunta, puedes contactarnos en el correo:&nbsp;<strong><a href=\"mailto:info@fcmalinalco.org\">info@fcmalinalco.org<\/a><\/strong><\/p>\n<p><\/p>\t\t\t\t\t\t\t\t<\/div>\n\t\t\t\t<\/div>\n\t\t\t\t\t<\/div>\n\t\t<\/div>\n\t\t\t\t\t<\/div>\n\t\t<\/section>\n\t\t\t\t<\/div>","protected":false},"excerpt":{"rendered":"<p>Todos podemos participar en la transformaci\u00f3n positiva de nuestra comunidad\u00a1Unidos hacemos la diferencia! Promovemos el empoderamiento y emprendimiento de grupos [&hellip;]<\/p>\n","protected":false},"author":2,"featured_media":1482,"parent":0,"menu_order":0,"comment_status":"closed","ping_status":"closed","template":"page-donar.php","meta":{"_editorskit_title_hidden":false,"_editorskit_reading_time":0,"_editorskit_is_block_options_detached":false,"_editorskit_block_options_position":"{}","_eb_attr":"","advgb_blocks_editor_width":"","advgb_blocks_columns_visual_guide":"","pgc_sgb_lightbox_settings":"","footnotes":""},"categories":[],"class_list":["post-177","page","type-page","status-publish","has-post-thumbnail","hentry"],"coauthors":[],"author_meta":{"author_link":"https:\/\/fundacioncomunitariamalinalco.org\/en\/author\/friedalocu\/","display_name":"friedalocu"},"relative_dates":{"created":"Posted 7 years ago","modified":"Updated 2 years ago"},"absolute_dates":{"created":"Posted on 19 December, 2018","modified":"Updated on 26 October, 2023"},"absolute_dates_time":{"created":"Posted on 19 December, 2018 3:59 pm","modified":"Updated on 26 October, 2023 5:09 pm"},"featured_img_caption":"","featured_img":"https:\/\/fundacioncomunitariamalinalco.org\/wp-content\/uploads\/2019\/01\/BANNER_QUIERODONA3.png","series_order":"","_links":{"self":[{"href":"https:\/\/fundacioncomunitariamalinalco.org\/en\/wp-json\/wp\/v2\/pages\/177","targetHints":{"allow":["GET"]}}],"collection":[{"href":"https:\/\/fundacioncomunitariamalinalco.org\/en\/wp-json\/wp\/v2\/pages"}],"about":[{"href":"https:\/\/fundacioncomunitariamalinalco.org\/en\/wp-json\/wp\/v2\/types\/page"}],"author":[{"embeddable":true,"href":"https:\/\/fundacioncomunitariamalinalco.org\/en\/wp-json\/wp\/v2\/users\/2"}],"replies":[{"embeddable":true,"href":"https:\/\/fundacioncomunitariamalinalco.org\/en\/wp-json\/wp\/v2\/comments?post=177"}],"version-history":[{"count":109,"href":"https:\/\/fundacioncomunitariamalinalco.org\/en\/wp-json\/wp\/v2\/pages\/177\/revisions"}],"predecessor-version":[{"id":4289,"href":"https:\/\/fundacioncomunitariamalinalco.org\/en\/wp-json\/wp\/v2\/pages\/177\/revisions\/4289"}],"wp:featuredmedia":[{"embeddable":true,"href":"https:\/\/fundacioncomunitariamalinalco.org\/en\/wp-json\/wp\/v2\/media\/1482"}],"wp:attachment":[{"href":"https:\/\/fundacioncomunitariamalinalco.org\/en\/wp-json\/wp\/v2\/media?parent=177"}],"wp:term":[{"taxonomy":"category","embeddable":true,"href":"https:\/\/fundacioncomunitariamalinalco.org\/en\/wp-json\/wp\/v2\/categories?post=177"}],"curies":[{"name":"wp","href":"https:\/\/api.w.org\/{rel}","templated":true}]}}