{"id":1810,"date":"2019-03-08T10:16:37","date_gmt":"2019-03-08T16:16:37","guid":{"rendered":"http:\/\/fundacioncomunitariamalinalco.org\/newsite\/?page_id=1810"},"modified":"2022-06-21T11:31:52","modified_gmt":"2022-06-21T17:31:52","slug":"estudio-de-campo","status":"publish","type":"page","link":"https:\/\/fundacioncomunitariamalinalco.org\/en\/estudio-de-campo\/","title":{"rendered":"Research"},"content":{"rendered":"<p>El dise\u00f1o e implementaci\u00f3n de estudios y diagn\u00f3sticos comunitarios es un eje transversal para todos los programas y proyectos de Fundaci\u00f3n Comunitaria Malinalco. Consideramos que es fundamental <em>conocer para actuar<\/em>. En ese sentido, la investigaci\u00f3n de datos espec\u00edficos sobre problem\u00e1ticas detectadas en nuestra comunidad es el primer elemento en nuestro modelo de intervenci\u00f3n y metodolog\u00eda de trabajo denominada <em>Desarrollo de base.<\/em>&nbsp; As\u00ed, este proceso cognitivo se consolida como el punto de partida para la toma de decisiones y para el dise\u00f1o de estrategias y proyectos <strong>comunitarios<\/strong>.&nbsp;<br><\/p>\n\n\n\n<p><\/p>\n\n\n\n<p>Fundaci\u00f3n Comunitaria Malinalco, con el apoyo de su red de socios, ha desarrollado a lo largo de su historia diversos manuales, gu\u00edas y diagn\u00f3sticos sobre la comunidad de Malinalco y sus problem\u00e1ticas principales, las cuales est\u00e1n relacionadas con temas como: el campo y los productores, la agricultura org\u00e1nica, el manejo de residuos s\u00f3lidos; reforestaci\u00f3n; incendios, prevenci\u00f3n y combate; as\u00ed como la migraci\u00f3n internacional, el desplazamiento interno, los j\u00f3venes y las problem\u00e1ticas de desarrollo en la regi\u00f3n, entre otros.&nbsp;<\/p>\n\n\n\n<div style=\"height:50px\" aria-hidden=\"true\" class=\"wp-block-spacer\"><\/div>\n\n\n\n<h2 class=\"wp-block-heading\">DIAGNOSTICS<\/h2>\n\n\n\n<div class=\"wp-block-columns is-layout-flex wp-container-core-columns-is-layout-9d6595d7 wp-block-columns-is-layout-flex\">\n<div class=\"wp-block-column is-layout-flow wp-block-column-is-layout-flow\">\n<figure class=\"wp-block-image size-large\"><img fetchpriority=\"high\" decoding=\"async\" width=\"893\" height=\"1024\" src=\"https:\/\/fundacioncomunitariamalinalco.org\/wp-content\/uploads\/2021\/11\/CampoMa-893x1024.jpg\" alt=\"\" class=\"wp-image-3424\" srcset=\"https:\/\/fundacioncomunitariamalinalco.org\/wp-content\/uploads\/2021\/11\/CampoMa-893x1024.jpg 893w, https:\/\/fundacioncomunitariamalinalco.org\/wp-content\/uploads\/2021\/11\/CampoMa-262x300.jpg 262w, https:\/\/fundacioncomunitariamalinalco.org\/wp-content\/uploads\/2021\/11\/CampoMa-768x881.jpg 768w, https:\/\/fundacioncomunitariamalinalco.org\/wp-content\/uploads\/2021\/11\/CampoMa-1339x1536.jpg 1339w, https:\/\/fundacioncomunitariamalinalco.org\/wp-content\/uploads\/2021\/11\/CampoMa.jpg 1744w\" sizes=\"(max-width: 893px) 100vw, 893px\" \/><\/figure>\n\n\n\n<div class=\"wp-block-file\"><a href=\"https:\/\/fundacioncomunitariamalinalco.org\/wp-content\/uploads\/2021\/11\/EL-CAMPO-EN-MALINALCO_web.pdf\" target=\"_blank\" rel=\"noreferrer noopener\">EL CAMPO EN MALINALCO<\/a><\/div>\n\n\n\n<figure class=\"wp-block-image size-full\"><img decoding=\"async\" width=\"553\" height=\"716\" src=\"https:\/\/fundacioncomunitariamalinalco.org\/wp-content\/uploads\/2022\/06\/Captura-de-pantalla-2022-06-16-a-las-15.27.14.png\" alt=\"\" class=\"wp-image-3738\" srcset=\"https:\/\/fundacioncomunitariamalinalco.org\/wp-content\/uploads\/2022\/06\/Captura-de-pantalla-2022-06-16-a-las-15.27.14.png 553w, https:\/\/fundacioncomunitariamalinalco.org\/wp-content\/uploads\/2022\/06\/Captura-de-pantalla-2022-06-16-a-las-15.27.14-232x300.png 232w\" sizes=\"(max-width: 553px) 100vw, 553px\" \/><\/figure>\n\n\n\n<p><a href=\"https:\/\/fundacioncomunitariamalinalco.org\/wp-content\/uploads\/2022\/06\/Diagno\u0301stico-de-Juventud.-Malinalco-2022-FCM.pdf\">Diagn\u00f3stico participativo sobre Juventud<\/a><\/p>\n<\/div>\n\n\n\n<div class=\"wp-block-column is-layout-flow wp-block-column-is-layout-flow\">\n<figure class=\"wp-block-image size-large\"><img decoding=\"async\" width=\"849\" height=\"1024\" src=\"https:\/\/fundacioncomunitariamalinalco.org\/wp-content\/uploads\/2021\/11\/Migracio\u0301nM-849x1024.jpg\" alt=\"\" class=\"wp-image-3427\" srcset=\"https:\/\/fundacioncomunitariamalinalco.org\/wp-content\/uploads\/2021\/11\/Migracio\u0301nM-849x1024.jpg 849w, https:\/\/fundacioncomunitariamalinalco.org\/wp-content\/uploads\/2021\/11\/Migracio\u0301nM-249x300.jpg 249w, https:\/\/fundacioncomunitariamalinalco.org\/wp-content\/uploads\/2021\/11\/Migracio\u0301nM-768x926.jpg 768w, https:\/\/fundacioncomunitariamalinalco.org\/wp-content\/uploads\/2021\/11\/Migracio\u0301nM-1274x1536.jpg 1274w, https:\/\/fundacioncomunitariamalinalco.org\/wp-content\/uploads\/2021\/11\/Migracio\u0301nM.jpg 1659w\" sizes=\"(max-width: 849px) 100vw, 849px\" \/><\/figure>\n\n\n\n<div class=\"wp-block-file\"><a href=\"https:\/\/fundacioncomunitariamalinalco.org\/wp-content\/uploads\/2021\/11\/Migracio\u0301n-en-Malinalco-2019-Comprimido.pdf\" target=\"_blank\" rel=\"noreferrer noopener\">Migracio\u0301n en Malinalco<\/a><\/div>\n\n\n\n<figure class=\"wp-block-image size-full\"><img loading=\"lazy\" decoding=\"async\" width=\"378\" height=\"489\" src=\"https:\/\/fundacioncomunitariamalinalco.org\/wp-content\/uploads\/2022\/06\/Captura-de-pantalla-2022-06-21-a-las-12.27.21.png\" alt=\"\" class=\"wp-image-3744\" srcset=\"https:\/\/fundacioncomunitariamalinalco.org\/wp-content\/uploads\/2022\/06\/Captura-de-pantalla-2022-06-21-a-las-12.27.21.png 378w, https:\/\/fundacioncomunitariamalinalco.org\/wp-content\/uploads\/2022\/06\/Captura-de-pantalla-2022-06-21-a-las-12.27.21-232x300.png 232w\" sizes=\"(max-width: 378px) 100vw, 378px\" \/><\/figure>\n\n\n\n<p><a href=\"https:\/\/fundacioncomunitariamalinalco.org\/wp-content\/uploads\/2022\/06\/Diagno\u0301stico-de-Mujeres.-Malinalco-2022-FCM.pdf\">Diagn\u00f3stico participativo sobre Mujeres<\/a><\/p>\n<\/div>\n\n\n\n<div class=\"wp-block-column is-layout-flow wp-block-column-is-layout-flow\">\n<figure class=\"wp-block-image size-large\"><img loading=\"lazy\" decoding=\"async\" width=\"934\" height=\"1024\" src=\"https:\/\/fundacioncomunitariamalinalco.org\/wp-content\/uploads\/2021\/11\/EntreCyC-934x1024.jpg\" alt=\"\" class=\"wp-image-3425\" srcset=\"https:\/\/fundacioncomunitariamalinalco.org\/wp-content\/uploads\/2021\/11\/EntreCyC-934x1024.jpg 934w, https:\/\/fundacioncomunitariamalinalco.org\/wp-content\/uploads\/2021\/11\/EntreCyC-274x300.jpg 274w, https:\/\/fundacioncomunitariamalinalco.org\/wp-content\/uploads\/2021\/11\/EntreCyC-768x842.jpg 768w, https:\/\/fundacioncomunitariamalinalco.org\/wp-content\/uploads\/2021\/11\/EntreCyC-1400x1536.jpg 1400w, https:\/\/fundacioncomunitariamalinalco.org\/wp-content\/uploads\/2021\/11\/EntreCyC.jpg 1641w\" sizes=\"(max-width: 934px) 100vw, 934px\" \/><\/figure>\n\n\n\n<div class=\"wp-block-file\"><a href=\"https:\/\/fundacioncomunitariamalinalco.org\/wp-content\/uploads\/2021\/11\/Malinalco_Diagnostico_2018.pdf\" target=\"_blank\" rel=\"noreferrer noopener\">Malinalco Diagnostico<\/a><\/div>\n\n\n\n<figure class=\"wp-block-image size-full\"><img loading=\"lazy\" decoding=\"async\" width=\"405\" height=\"525\" src=\"https:\/\/fundacioncomunitariamalinalco.org\/wp-content\/uploads\/2022\/06\/Captura-de-pantalla-2022-06-16-a-las-15.38.23.png\" alt=\"\" class=\"wp-image-3737\" srcset=\"https:\/\/fundacioncomunitariamalinalco.org\/wp-content\/uploads\/2022\/06\/Captura-de-pantalla-2022-06-16-a-las-15.38.23.png 405w, https:\/\/fundacioncomunitariamalinalco.org\/wp-content\/uploads\/2022\/06\/Captura-de-pantalla-2022-06-16-a-las-15.38.23-231x300.png 231w\" sizes=\"(max-width: 405px) 100vw, 405px\" \/><\/figure>\n\n\n\n<p><a href=\"https:\/\/fundacioncomunitariamalinalco.org\/wp-content\/uploads\/2022\/06\/Directorio-de-programas-de-manejo-forestal-2022-1.pdf\">Directorio de programas de manejo forestal en Malinalco<\/a><\/p>\n<\/div>\n<\/div>\n\n\n\n<div style=\"height:50px\" aria-hidden=\"true\" class=\"wp-block-spacer\"><\/div>\n\n\n\n<h2 class=\"wp-block-heading\">MANUALS<\/h2>\n\n\n\n<div class=\"wp-block-columns is-layout-flex wp-container-core-columns-is-layout-9d6595d7 wp-block-columns-is-layout-flex\">\n<div class=\"wp-block-column is-layout-flow wp-block-column-is-layout-flow\">\n<figure class=\"wp-block-image size-large\"><img loading=\"lazy\" decoding=\"async\" width=\"990\" height=\"1024\" src=\"https:\/\/fundacioncomunitariamalinalco.org\/wp-content\/uploads\/2021\/11\/AO_Ma-990x1024.jpg\" alt=\"\" class=\"wp-image-3423\" srcset=\"https:\/\/fundacioncomunitariamalinalco.org\/wp-content\/uploads\/2021\/11\/AO_Ma-990x1024.jpg 990w, https:\/\/fundacioncomunitariamalinalco.org\/wp-content\/uploads\/2021\/11\/AO_Ma-290x300.jpg 290w, https:\/\/fundacioncomunitariamalinalco.org\/wp-content\/uploads\/2021\/11\/AO_Ma-768x794.jpg 768w, https:\/\/fundacioncomunitariamalinalco.org\/wp-content\/uploads\/2021\/11\/AO_Ma-1485x1536.jpg 1485w, https:\/\/fundacioncomunitariamalinalco.org\/wp-content\/uploads\/2021\/11\/AO_Ma.jpg 1934w\" sizes=\"(max-width: 990px) 100vw, 990px\" \/><\/figure>\n\n\n\n<div class=\"wp-block-file\"><a href=\"https:\/\/fundacioncomunitariamalinalco.org\/wp-content\/uploads\/2021\/11\/Manual-AO.pdf\" target=\"_blank\" rel=\"noreferrer noopener\">Manual AO<\/a><\/div>\n<\/div>\n\n\n\n<div class=\"wp-block-column is-layout-flow wp-block-column-is-layout-flow\">\n<figure class=\"wp-block-image size-full is-resized\"><img loading=\"lazy\" decoding=\"async\" src=\"https:\/\/fundacioncomunitariamalinalco.org\/wp-content\/uploads\/2022\/06\/Captura-de-pantalla-2022-06-16-a-las-15.24.41.png\" alt=\"\" class=\"wp-image-3736\" width=\"258\" height=\"333\" srcset=\"https:\/\/fundacioncomunitariamalinalco.org\/wp-content\/uploads\/2022\/06\/Captura-de-pantalla-2022-06-16-a-las-15.24.41.png 405w, https:\/\/fundacioncomunitariamalinalco.org\/wp-content\/uploads\/2022\/06\/Captura-de-pantalla-2022-06-16-a-las-15.24.41-232x300.png 232w\" sizes=\"(max-width: 258px) 100vw, 258px\" \/><\/figure>\n\n\n\n<p><a href=\"https:\/\/fundacioncomunitariamalinalco.org\/wp-content\/uploads\/2022\/06\/Manual-de-correctas-practicas-de-poda-2022.pdf\">Manual de correctas pr\u00e1cticas de poda y su aplicaci\u00f3n en parcelas de le\u00f1a.<\/a><\/p>\n<\/div>\n\n\n\n<div class=\"wp-block-column is-layout-flow wp-block-column-is-layout-flow\"><\/div>\n<\/div>\n\n\n\n<div style=\"height:50px\" aria-hidden=\"true\" class=\"wp-block-spacer\"><\/div>\n\n\n\n<h2 class=\"wp-block-heading\">GUIDES<\/h2>\n\n\n\n<div class=\"wp-block-columns is-layout-flex wp-container-core-columns-is-layout-9d6595d7 wp-block-columns-is-layout-flex\">\n<div class=\"wp-block-column is-layout-flow wp-block-column-is-layout-flow\">\n<figure class=\"wp-block-image size-large\"><img loading=\"lazy\" decoding=\"async\" width=\"1024\" height=\"1024\" src=\"https:\/\/fundacioncomunitariamalinalco.org\/wp-content\/uploads\/2021\/11\/Verde_FCM-1024x1024.jpg\" alt=\"\" class=\"wp-image-3422\" srcset=\"https:\/\/fundacioncomunitariamalinalco.org\/wp-content\/uploads\/2021\/11\/Verde_FCM-1024x1024.jpg 1024w, https:\/\/fundacioncomunitariamalinalco.org\/wp-content\/uploads\/2021\/11\/Verde_FCM-300x300.jpg 300w, https:\/\/fundacioncomunitariamalinalco.org\/wp-content\/uploads\/2021\/11\/Verde_FCM-150x150.jpg 150w, https:\/\/fundacioncomunitariamalinalco.org\/wp-content\/uploads\/2021\/11\/Verde_FCM-768x768.jpg 768w, https:\/\/fundacioncomunitariamalinalco.org\/wp-content\/uploads\/2021\/11\/Verde_FCM-1536x1536.jpg 1536w, https:\/\/fundacioncomunitariamalinalco.org\/wp-content\/uploads\/2021\/11\/Verde_FCM.jpg 2000w\" sizes=\"(max-width: 1024px) 100vw, 1024px\" \/><\/figure>\n\n\n\n<div class=\"wp-block-file\"><a href=\"https:\/\/fundacioncomunitariamalinalco.org\/wp-content\/uploads\/2021\/11\/EdM-Book.pdf\" target=\"_blank\" rel=\"noreferrer noopener\">EdM Book<\/a><\/div>\n<\/div>\n\n\n\n<div class=\"wp-block-column is-layout-flow wp-block-column-is-layout-flow\"><\/div>\n\n\n\n<div class=\"wp-block-column is-layout-flow wp-block-column-is-layout-flow\"><\/div>\n<\/div>\n\n\n\n<div style=\"height:50px\" aria-hidden=\"true\" class=\"wp-block-spacer\"><\/div>\n\n\n\n<div class=\"wp-block-columns has-2-columns is-layout-flex wp-container-core-columns-is-layout-9d6595d7 wp-block-columns-is-layout-flex\">\n<div class=\"wp-block-column is-layout-flow wp-block-column-is-layout-flow\">\n<p class=\"descargar-link has-text-color\" style=\"color:#ff4438\"><strong><a href=\"http:\/\/fundacioncomunitariamalinalco.org\/en\/newsite\/proyecto-migracion\/\">Proyecto Migraci\u00f3n<\/a><\/strong><\/p>\n<\/div>\n\n\n\n<div class=\"wp-block-column is-layout-flow wp-block-column-is-layout-flow\"><\/div>\n<\/div>\n\n\n\n<p><\/p>","protected":false},"excerpt":{"rendered":"<p>El dise\u00f1o e implementaci\u00f3n de estudios y diagn\u00f3sticos comunitarios es un eje transversal para todos los programas y proyectos de [&hellip;]<\/p>\n","protected":false},"author":2,"featured_media":3458,"parent":0,"menu_order":0,"comment_status":"closed","ping_status":"closed","template":"page-hacemos-fondos.php","meta":{"_editorskit_title_hidden":false,"_editorskit_reading_time":0,"_editorskit_is_block_options_detached":false,"_editorskit_block_options_position":"{}","_eb_attr":"","advgb_blocks_editor_width":"","advgb_blocks_columns_visual_guide":"","pgc_sgb_lightbox_settings":"","footnotes":""},"categories":[],"class_list":["post-1810","page","type-page","status-publish","has-post-thumbnail","hentry"],"coauthors":[],"author_meta":{"author_link":"https:\/\/fundacioncomunitariamalinalco.org\/en\/author\/friedalocu\/","display_name":"friedalocu"},"relative_dates":{"created":"Posted 7 years ago","modified":"Updated 4 years ago"},"absolute_dates":{"created":"Posted on 8 March, 2019","modified":"Updated on 21 June, 2022"},"absolute_dates_time":{"created":"Posted on 8 March, 2019 10:16 am","modified":"Updated on 21 June, 2022 11:31 am"},"featured_img_caption":"","featured_img":"https:\/\/fundacioncomunitariamalinalco.org\/wp-content\/uploads\/2021\/11\/bannerivestigacio\u0301n.jpg","series_order":"","_links":{"self":[{"href":"https:\/\/fundacioncomunitariamalinalco.org\/en\/wp-json\/wp\/v2\/pages\/1810","targetHints":{"allow":["GET"]}}],"collection":[{"href":"https:\/\/fundacioncomunitariamalinalco.org\/en\/wp-json\/wp\/v2\/pages"}],"about":[{"href":"https:\/\/fundacioncomunitariamalinalco.org\/en\/wp-json\/wp\/v2\/types\/page"}],"author":[{"embeddable":true,"href":"https:\/\/fundacioncomunitariamalinalco.org\/en\/wp-json\/wp\/v2\/users\/2"}],"replies":[{"embeddable":true,"href":"https:\/\/fundacioncomunitariamalinalco.org\/en\/wp-json\/wp\/v2\/comments?post=1810"}],"version-history":[{"count":20,"href":"https:\/\/fundacioncomunitariamalinalco.org\/en\/wp-json\/wp\/v2\/pages\/1810\/revisions"}],"predecessor-version":[{"id":3747,"href":"https:\/\/fundacioncomunitariamalinalco.org\/en\/wp-json\/wp\/v2\/pages\/1810\/revisions\/3747"}],"wp:featuredmedia":[{"embeddable":true,"href":"https:\/\/fundacioncomunitariamalinalco.org\/en\/wp-json\/wp\/v2\/media\/3458"}],"wp:attachment":[{"href":"https:\/\/fundacioncomunitariamalinalco.org\/en\/wp-json\/wp\/v2\/media?parent=1810"}],"wp:term":[{"taxonomy":"category","embeddable":true,"href":"https:\/\/fundacioncomunitariamalinalco.org\/en\/wp-json\/wp\/v2\/categories?post=1810"}],"curies":[{"name":"wp","href":"https:\/\/api.w.org\/{rel}","templated":true}]}}