{"id":1814,"date":"2019-03-08T10:21:00","date_gmt":"2019-03-08T16:21:00","guid":{"rendered":"http:\/\/fundacioncomunitariamalinalco.org\/newsite\/?page_id=1814"},"modified":"2021-11-26T20:40:05","modified_gmt":"2021-11-27T02:40:05","slug":"proyecto-migracion","status":"publish","type":"page","link":"https:\/\/fundacioncomunitariamalinalco.org\/en\/proyecto-migracion\/","title":{"rendered":"Proyecto Migraci\u00f3n"},"content":{"rendered":"<h2 class=\"wp-block-heading\"><strong>Building Borders Communities in America <\/strong><\/h2>\n\n\n\n<h4 class=\"wp-block-heading\" id=\"mce_2\">Construyendo comunidades trans fronterizas  en las Americas<\/h4>\n\n\n\n<div style=\"height:20px\" aria-hidden=\"true\" class=\"wp-block-spacer\"><\/div>\n\n\n\n<p class=\"has-background\" style=\"background-color:#f7eede;font-size:23px\">Queremos comprender el fen\u00f3meno migratorio de nuestra comunidad hacia los Estados Unidos y Canad\u00e1<\/p>\n\n\n\n<div style=\"height:23px\" aria-hidden=\"true\" class=\"wp-block-spacer\"><\/div>\n\n\n\n<div class=\"wp-block-image\"><figure class=\"alignleft is-resized\"><img fetchpriority=\"high\" decoding=\"async\" src=\"http:\/\/fundacioncomunitariamalinalco.org\/wp-content\/uploads\/2019\/07\/Captura-de-pantalla-2019-07-02-a-las-15.19.53-793x1024.png\" alt=\"\" class=\"wp-image-2120\" width=\"309\" height=\"399\" srcset=\"https:\/\/fundacioncomunitariamalinalco.org\/wp-content\/uploads\/2019\/07\/Captura-de-pantalla-2019-07-02-a-las-15.19.53-793x1024.png 793w, https:\/\/fundacioncomunitariamalinalco.org\/wp-content\/uploads\/2019\/07\/Captura-de-pantalla-2019-07-02-a-las-15.19.53-232x300.png 232w, https:\/\/fundacioncomunitariamalinalco.org\/wp-content\/uploads\/2019\/07\/Captura-de-pantalla-2019-07-02-a-las-15.19.53-768x992.png 768w, https:\/\/fundacioncomunitariamalinalco.org\/wp-content\/uploads\/2019\/07\/Captura-de-pantalla-2019-07-02-a-las-15.19.53.png 833w\" sizes=\"(max-width: 309px) 100vw, 309px\" \/><\/figure><\/div>\n\n\n\n<p>Con el objetivo de conocer la situaci\u00f3n actual de las personas que migran hacia Estados Unidos y Canad\u00e1, Fundaci\u00f3n Comunitaria Malinalco se encuentra desarrollando un diagn\u00f3stico que permita apoyar a estas familias de la comunidad y ajustar nuestros programas a la realidad social a la que impactamos.<\/p>\n\n\n\n<p>Para poder comprender de mejor forma el fen\u00f3meno migratorio, realizamos entrevistas y grupos focales con miembros de al menos diez localidades con antecedentes de movimientos migratorios en el municipio de Malinalco, de tal manera que logremos generar alianzas con grupos de mexiquenses que se puedan identificar en el extranjero.<\/p>\n\n\n\n<p><a href=\"https:\/\/issuu.com\/fundacioncomunitariamalinalcoac\/docs\/migracio_n_en_malinalco-2019\">&gt;&gt;Ver contenido de la investigaci\u00f3n&lt;&lt;<\/a><\/p>\n\n\n\n<p>Para obtener el documento digital completo, solicitarlo v\u00eda mail al correo comunicacion@fcmalinalco.org<\/p>\n\n\n\n<p><strong>\u00bfQu\u00e9 aprendizajes se abordan?<\/strong><\/p>\n\n\n\n<div style=\"height:37px\" aria-hidden=\"true\" class=\"wp-block-spacer\"><\/div>\n\n\n\n<p class=\"has-background\" style=\"background-color:#f7eede\">Perfil del migrante: edad, g\u00e9nero, situaci\u00f3n socio econ\u00f3mica, nivel de estudios, estado civil, dependientes, si hay historial migratorio en la familia, tasa de retorno, qui\u00e9nes regresan, si mandan remesas o no y c\u00f3mo las usan <\/p>\n\n\n\n<p class=\"has-background\" style=\"background-color:#f7eede\">\u00bfCu\u00e1l es la incidencia migratoria en Malinalco y cu\u00e1les son los lugares de origen y destino, de la poblaci\u00f3n migrante?<\/p>\n\n\n\n<div style=\"height:20px\" aria-hidden=\"true\" class=\"wp-block-spacer\"><\/div>\n\n\n\n<p class=\"has-background\" style=\"background-color:#f7eede\">\u00bfCu\u00e1les son las caracter\u00edsticas de la poblaci\u00f3n migrante en el municipio? \u00bfCu\u00e1les son sus historias?<\/p>\n\n\n\n<div style=\"height:20px\" aria-hidden=\"true\" class=\"wp-block-spacer\"><\/div>\n\n\n\n<p class=\"has-background\" style=\"background-color:#f7eede\">\u00bfCu\u00e1les son las razones por las que se van? \u00bfQu\u00e9 los hace regresar y en qu\u00e9 condiciones lo hacen? \u00bfQu\u00e9 tipo de apoyos recibieron en el proceso de llegada y permanencia en el lugar de destino?<\/p>\n\n\n\n<div style=\"height:20px\" aria-hidden=\"true\" class=\"wp-block-spacer\"><\/div>\n\n\n\n<p class=\"has-background\" style=\"background-color:#f7eede\">\u00bfQu\u00e9 tipo de organizaciones les facilitan la permanencia en Estados Unidos? \u00bfQui\u00e9nes son sus principales apoyos?<\/p>\n\n\n\n<div style=\"height:20px\" aria-hidden=\"true\" class=\"wp-block-spacer\"><\/div>\n\n\n\n<p class=\"has-background\" style=\"background-color:#f7eede\">\u00bfQu\u00e9 tipo de entorno, cuanto tiempo y en qu\u00e9 situaci\u00f3n se encuentran en el punto de acogida en EEUU y\/o Canad\u00e1?<\/p>\n\n\n\n<div style=\"height:20px\" aria-hidden=\"true\" class=\"wp-block-spacer\"><\/div>\n\n\n\n<p class=\"has-background\" style=\"background-color:#f7eede\">\u00bfC\u00f3mo es su proceso de aculturaci\u00f3n en los EEUU y\/o Canad\u00e1?<\/p>\n\n\n\n<div style=\"height:20px\" aria-hidden=\"true\" class=\"wp-block-spacer\"><\/div>\n\n\n\n<p class=\"has-background\" style=\"background-color:#f7eede\">\u00bfCu\u00e1les son las problem\u00e1ticas que se derivan de su retorno al Municipio de Malinalco? (Proceso de adaptaci\u00f3n en la comunidad). \u00bfQu\u00e9 retos enfrentan?<\/p>\n\n\n\n<div style=\"height:20px\" aria-hidden=\"true\" class=\"wp-block-spacer\"><\/div>","protected":false},"excerpt":{"rendered":"<p>Building Borders Communities in America Construyendo comunidades trans fronterizas en las Americas Queremos comprender el fen\u00f3meno migratorio de nuestra comunidad [&hellip;]<\/p>\n","protected":false},"author":2,"featured_media":3462,"parent":0,"menu_order":0,"comment_status":"open","ping_status":"closed","template":"page-hacemos-fondos.php","meta":{"_editorskit_title_hidden":false,"_editorskit_reading_time":0,"_editorskit_is_block_options_detached":false,"_editorskit_block_options_position":"{}","_eb_attr":"","advgb_blocks_editor_width":"","advgb_blocks_columns_visual_guide":"","pgc_sgb_lightbox_settings":"","footnotes":""},"categories":[],"class_list":["post-1814","page","type-page","status-publish","has-post-thumbnail","hentry"],"coauthors":[],"author_meta":{"author_link":"https:\/\/fundacioncomunitariamalinalco.org\/en\/author\/friedalocu\/","display_name":"friedalocu"},"relative_dates":{"created":"Posted 7 years ago","modified":"Updated 4 years ago"},"absolute_dates":{"created":"Posted on 8 March, 2019","modified":"Updated on 26 November, 2021"},"absolute_dates_time":{"created":"Posted on 8 March, 2019 10:21 am","modified":"Updated on 26 November, 2021 8:40 pm"},"featured_img_caption":"","featured_img":"https:\/\/fundacioncomunitariamalinalco.org\/wp-content\/uploads\/2021\/11\/bannerProyectoMigracio\u0301n.jpg","series_order":"","_links":{"self":[{"href":"https:\/\/fundacioncomunitariamalinalco.org\/en\/wp-json\/wp\/v2\/pages\/1814","targetHints":{"allow":["GET"]}}],"collection":[{"href":"https:\/\/fundacioncomunitariamalinalco.org\/en\/wp-json\/wp\/v2\/pages"}],"about":[{"href":"https:\/\/fundacioncomunitariamalinalco.org\/en\/wp-json\/wp\/v2\/types\/page"}],"author":[{"embeddable":true,"href":"https:\/\/fundacioncomunitariamalinalco.org\/en\/wp-json\/wp\/v2\/users\/2"}],"replies":[{"embeddable":true,"href":"https:\/\/fundacioncomunitariamalinalco.org\/en\/wp-json\/wp\/v2\/comments?post=1814"}],"version-history":[{"count":35,"href":"https:\/\/fundacioncomunitariamalinalco.org\/en\/wp-json\/wp\/v2\/pages\/1814\/revisions"}],"predecessor-version":[{"id":3463,"href":"https:\/\/fundacioncomunitariamalinalco.org\/en\/wp-json\/wp\/v2\/pages\/1814\/revisions\/3463"}],"wp:featuredmedia":[{"embeddable":true,"href":"https:\/\/fundacioncomunitariamalinalco.org\/en\/wp-json\/wp\/v2\/media\/3462"}],"wp:attachment":[{"href":"https:\/\/fundacioncomunitariamalinalco.org\/en\/wp-json\/wp\/v2\/media?parent=1814"}],"wp:term":[{"taxonomy":"category","embeddable":true,"href":"https:\/\/fundacioncomunitariamalinalco.org\/en\/wp-json\/wp\/v2\/categories?post=1814"}],"curies":[{"name":"wp","href":"https:\/\/api.w.org\/{rel}","templated":true}]}}