{"id":4169,"date":"2023-09-21T18:14:02","date_gmt":"2023-09-22T00:14:02","guid":{"rendered":"https:\/\/fundacioncomunitariamalinalco.org\/cultura-ambiental-copy\/"},"modified":"2025-02-07T10:50:22","modified_gmt":"2025-02-07T16:50:22","slug":"fortalecimiento-en-desarrollo-comunitario","status":"publish","type":"page","link":"https:\/\/fundacioncomunitariamalinalco.org\/en\/fortalecimiento-en-desarrollo-comunitario\/","title":{"rendered":"Strengthening of Community Development"},"content":{"rendered":"<div class=\"wp-block-kadence-column kadence-column4169_bd8342-2c\"><div class=\"kt-inside-inner-col\">\n<h1 class=\"wp-block-heading has-text-align-center\" style=\"text-transform:uppercase\">Strengthening of Community Development<\/h1>\n\n\n\n<div class=\"wp-block-kadence-column kadence-column4169_7715a6-4f\"><div class=\"kt-inside-inner-col\">\n<figure class=\"wp-block-image size-full mariposaimagen\"><img decoding=\"async\" width=\"190\" height=\"226\" src=\"https:\/\/fundacioncomunitariamalinalco.org\/wp-content\/uploads\/2023\/09\/Recurso-70-8.png\" alt=\"\" class=\"wp-image-4209\"\/><\/figure>\n<\/div><\/div>\n\n\n\n\n<div class=\"wp-block-kadence-column kadence-column4169_13a137-b1 kb-section-dir-vertical\"><div class=\"kt-inside-inner-col\"><\/div><\/div>\n\n\n\n<div class=\"wp-block-kadence-column kadence-column4169_06429b-80 kb-section-dir-vertical\"><div class=\"kt-inside-inner-col\">\n<h3 class=\"wp-block-heading has-text-align-center\">We seek to promote citizen participation centered on sustainable transformations.<\/h3>\n\n\n\n<div style=\"height:100px\" aria-hidden=\"true\" class=\"wp-block-spacer\"><\/div>\n\n\n\n<p class=\"has-text-align-center\">El Programa Fortalecimiento en desarrollo comunitario  promueve la participaci\u00f3n ciudadana enfocada en las transformaciones sociales, mediante capacitaciones t\u00e9cnicas, acompa\u00f1amiento personalizado y financiamiento, dirigido a iniciativas locales de colectivos, grupos y organizaciones consolidadas que contribuyan a mejorar el entorno econ\u00f3mico, social y ambiental de Malinalco.<\/p>\n\n\n\n<div style=\"height:20px\" aria-hidden=\"true\" class=\"wp-block-spacer\"><\/div>\n\n\n\n<p class=\"has-text-align-center\">The main strategic lines of the JAC program are 5:<\/p>\n\n\n\n<div style=\"height:20px\" aria-hidden=\"true\" class=\"wp-block-spacer\"><\/div>\n\n\n\n<p class=\"has-text-align-center\"><span class=\"uppercase\">Research and community mapping.<\/span><br><br><span class=\"uppercase\">Training and strengthening in community and institutional development.<\/span><br><br><span class=\"uppercase\">Strengthening and sub-grants for community development and organization.<\/span><br><br><span class=\"uppercase\">Linking of groups to allies for their strengthening<\/span><br><br><span class=\"uppercase\">Follow-up of groups that have been strengthened and graduated from the\nProgram<\/span><\/p>\n\n\n\n<p class=\"has-text-align-center\"><br><\/p>\n\n\n\n<div style=\"height:100px\" aria-hidden=\"true\" class=\"wp-block-spacer\"><\/div>\n\n\n\n\n<div class=\"wp-block-kadence-column kadence-column4169_9046be-03\"><div class=\"kt-inside-inner-col\">\n<div class=\"wp-block-essential-blocks-advanced-video  root-eb-advanced-video-3q16i33\"><div class=\"eb-parent-wrapper eb-parent-eb-advanced-video-3q16i33\"><div class=\"eb-advanced-video-wrapper eb-advanced-video-3q16i33 none\" data-id=\"eb-advanced-video-3q16i33\"><div class=\"eb-player-wrapper eb-advanced-video-3q16i33\"><div class=\"eb-player-option none right\" data-id=\"eb-advanced-video-3q16i33\" data-url=\"https:\/\/www.youtube.com\/watch?v=A-w8oMQc5U0\" data-option=\"none\" data-controls=\"false\" data-loop=\"false\" data-muted=\"false\" data-playing=\"false\" data-overlay=\"false\" data-light=\"https:\/\/fundacioncomunitariamalinalco.org\/wp-content\/plugins\/essential-blocks\/assets\/images\/adv-video-placeholder.png\" data-customplayicontype=\"image\" data-customplayiconlib=\"fas fa-play-circle\" data-customplayicon=\"true\" data-playicon=\"https:\/\/fundacioncomunitariamalinalco.org\/wp-content\/plugins\/essential-blocks\/assets\/images\/adv-video-playicon.svg\" data-download=\"false\"><\/div><\/div><\/div><\/div><\/div>\n<\/div><\/div>\n\n\n\n<div class=\"wp-block-kadence-column kadence-column4169_053e99-c0\"><div class=\"kt-inside-inner-col\">\n<div class=\"wp-block-essential-blocks-advanced-video  root-eb-advanced-video-0v3ypv2\"><div class=\"eb-parent-wrapper eb-parent-eb-advanced-video-0v3ypv2\"><div class=\"eb-advanced-video-wrapper eb-advanced-video-0v3ypv2 none\" data-id=\"eb-advanced-video-0v3ypv2\"><div class=\"eb-player-wrapper eb-advanced-video-0v3ypv2\"><div class=\"eb-player-option none right\" data-id=\"eb-advanced-video-0v3ypv2\" data-url=\"https:\/\/www.youtube.com\/watch?v=b04lh4LS5PQ\" data-option=\"none\" data-controls=\"false\" data-loop=\"false\" data-muted=\"false\" data-playing=\"false\" data-overlay=\"false\" data-light=\"https:\/\/fundacioncomunitariamalinalco.org\/wp-content\/plugins\/essential-blocks\/assets\/images\/adv-video-placeholder.png\" data-customplayicontype=\"image\" data-customplayiconlib=\"fas fa-play-circle\" data-customplayicon=\"true\" data-playicon=\"https:\/\/fundacioncomunitariamalinalco.org\/wp-content\/plugins\/essential-blocks\/assets\/images\/adv-video-playicon.svg\" data-download=\"false\"><\/div><\/div><\/div><\/div><\/div>\n<\/div><\/div>\n\n<\/div><\/div>\n\n\n\n<div class=\"wp-block-kadence-column kadence-column4169_b36bc5-c4 kb-section-dir-vertical\"><div class=\"kt-inside-inner-col\"><\/div><\/div>\n\n<\/div><\/div>","protected":false},"excerpt":{"rendered":"","protected":false},"author":1,"featured_media":0,"parent":0,"menu_order":0,"comment_status":"closed","ping_status":"closed","template":"elementor_header_footer","meta":{"_editorskit_title_hidden":false,"_editorskit_reading_time":0,"_editorskit_is_block_options_detached":false,"_editorskit_block_options_position":"{}","_eb_attr":"","advgb_blocks_editor_width":"","advgb_blocks_columns_visual_guide":"","pgc_sgb_lightbox_settings":"","footnotes":""},"categories":[],"class_list":["post-4169","page","type-page","status-publish","hentry"],"coauthors":[],"author_meta":{"author_link":"https:\/\/fundacioncomunitariamalinalco.org\/en\/author\/admin\/","display_name":"admin"},"relative_dates":{"created":"Posted 3 years ago","modified":"Updated 1 year ago"},"absolute_dates":{"created":"Posted on 21 September, 2023","modified":"Updated on 7 February, 2025"},"absolute_dates_time":{"created":"Posted on 21 September, 2023 6:14 pm","modified":"Updated on 7 February, 2025 10:50 am"},"featured_img_caption":"","featured_img":false,"series_order":"","_links":{"self":[{"href":"https:\/\/fundacioncomunitariamalinalco.org\/en\/wp-json\/wp\/v2\/pages\/4169","targetHints":{"allow":["GET"]}}],"collection":[{"href":"https:\/\/fundacioncomunitariamalinalco.org\/en\/wp-json\/wp\/v2\/pages"}],"about":[{"href":"https:\/\/fundacioncomunitariamalinalco.org\/en\/wp-json\/wp\/v2\/types\/page"}],"author":[{"embeddable":true,"href":"https:\/\/fundacioncomunitariamalinalco.org\/en\/wp-json\/wp\/v2\/users\/1"}],"replies":[{"embeddable":true,"href":"https:\/\/fundacioncomunitariamalinalco.org\/en\/wp-json\/wp\/v2\/comments?post=4169"}],"version-history":[{"count":7,"href":"https:\/\/fundacioncomunitariamalinalco.org\/en\/wp-json\/wp\/v2\/pages\/4169\/revisions"}],"predecessor-version":[{"id":6601,"href":"https:\/\/fundacioncomunitariamalinalco.org\/en\/wp-json\/wp\/v2\/pages\/4169\/revisions\/6601"}],"wp:attachment":[{"href":"https:\/\/fundacioncomunitariamalinalco.org\/en\/wp-json\/wp\/v2\/media?parent=4169"}],"wp:term":[{"taxonomy":"category","embeddable":true,"href":"https:\/\/fundacioncomunitariamalinalco.org\/en\/wp-json\/wp\/v2\/categories?post=4169"}],"curies":[{"name":"wp","href":"https:\/\/api.w.org\/{rel}","templated":true}]}}