{"id":4283,"date":"2023-10-23T19:45:26","date_gmt":"2023-10-24T01:45:26","guid":{"rendered":"https:\/\/fundacioncomunitariamalinalco.org\/contacto-copy\/"},"modified":"2025-10-24T12:15:58","modified_gmt":"2025-10-24T18:15:58","slug":"haz-tu-donativo","status":"publish","type":"page","link":"https:\/\/fundacioncomunitariamalinalco.org\/en\/haz-tu-donativo\/","title":{"rendered":"Dona"},"content":{"rendered":"\t\t<div data-elementor-type=\"wp-page\" data-elementor-id=\"4283\" class=\"elementor elementor-4283\">\n\t\t\t\t\n<div class=\"wp-block-kadence-column kadence-column4283_f1411a-88 kb-section-dir-vertical\">\n<div class=\"kt-inside-inner-col\">\u00a0<\/div>\n<\/div>\n\n<div class=\"wp-block-kadence-column kadence-column4283_dc1899-e2 kb-section-dir-vertical\">\n<div class=\"kt-inside-inner-col\">\n<div class=\"wp-block-spacer\" style=\"height: 20px;\" aria-hidden=\"true\">\u00a0<\/div>\n\n<p class=\"has-white-color has-text-color has-link-color wp-elements-d7629df24d74e11efc9b8f038274ed6d\"><br \/><strong>Tu donativo nos ayuda a fortalecer a j\u00f3venes y colectivos de Malinalco, para juntos regenerar nuestros bosques.<\/strong><\/p>\n<form action=\"https:\/\/www.paypal.com\/cgi-bin\/webscr\" method=\"post\" target=\"_blank\">\n<p><input name=\"cmd\" type=\"hidden\" value=\"_s-xclick\" \/> <input name=\"hosted_button_id\" type=\"hidden\" value=\"4X2WEMT35JV2U\" \/><\/p>\n<table style=\"border-spacing: 10px; border-collapse: initial;\">\n<tbody>\n<tr>\n<td><input name=\"on0\" type=\"hidden\" value=\"Donativo mensual\" \/>Donativo mensual v\u00eda paypal<\/td>\n<\/tr>\n<tr>\n<td class=\"buttonsdonar\"><select id=\"test\" name=\"os0\">\n<option value=\"Dona 1\">Dona 1 : $150.00 MXN &#8211; mensual<\/option>\n<option value=\"Dona 2\">Dona 2 : $250.00 MXN &#8211; mensual<\/option>\n<option value=\"Dona 3\">Dona 3 : $300.00 MXN &#8211; mensual<\/option>\n<option value=\"Dona 4\">Dona 4 : $500.00 MXN &#8211; mensual<\/option>\n<option value=\"Dona 5\">Dona 5 : $700.00 MXN &#8211; mensual<\/option>\n<option value=\"Dona 6\">Dona 6 : $900.00 MXN &#8211; mensual<\/option>\n<option value=\"Dona 7\">Dona 7 : $1,000.00 MXN &#8211; mensual<\/option>\n<option value=\"Dona 8\">Dona 8 : $1,200.00 MXN &#8211; mensual<\/option>\n<option value=\"Dona 9\">Dona 9 : $1,500.00 MXN &#8211; mensual<\/option>\n<\/select><\/td>\n<\/tr>\n<\/tbody>\n<\/table>\n<p class=\"buttonsubmit\"><input name=\"currency_code\" type=\"hidden\" value=\"MXN\" \/> <input alt=\"PayPal, la forma m\u00e1s segura y r\u00e1pida de pagar en l\u00ednea.\" name=\"submit\" src=\"https:\/\/fundacioncomunitariamalinalco.org\/wp-content\/uploads\/2023\/03\/BOTON_DONA.png\" type=\"image\" \/> <img decoding=\"async\" src=\"https:\/\/www.paypalobjects.com\/es_XC\/i\/scr\/pixel.gif\" alt=\"\" width=\"1\" height=\"1\" border=\"0\" \/><\/p>\n<\/form>\n<div class=\"wp-block-essential-blocks-button  root-eb-button-ad29p\">\n<div class=\"eb-parent-wrapper eb-parent-eb-button-ad29p \">\n<div class=\"eb-button-wrapper eb-button-alignment eb-button-ad29p\">\n<div class=\"eb-button\">\u00a0<\/div>\n<\/div>\n<\/div>\n<\/div>\n<\/div>\n<\/div>\n\n<h3 class=\"wp-block-heading has-text-align-center has-white-color has-text-color\">S\u00e9 parte de nuestra comunidad de donantes y ay\u00fadanos a seguir<br \/>creando \u00e1reas de oportunidad y desarrollo.<\/h3>\n<\/div>\n<\/div>\n\n<div class=\"wp-block-columns is-layout-flex wp-container-core-columns-is-layout-9d6595d7 wp-block-columns-is-layout-flex\">\n<div class=\"wp-block-column\">\u00a0<\/div>\n<\/div>\n<div class=\"wp-block-columns is-layout-flow wp-block-column-is-layout-flow\">\n<div class=\"wp-block-column is-layout-flow wp-block-column-is-layout-flow\" style=\"flex-basis: 50%;\">\n<figure class=\"wp-block-embed is-type-video is-provider-youtube wp-block-embed-youtube wp-embed-aspect-16-9 wp-has-aspect-ratio\">\n<div class=\"wp-block-embed__wrapper\"><a href=\"https:\/\/youtu.be\/kUla1DjfE2U?si=AhL_7hZnKz4uhW9_\">https:\/\/youtu.be\/kUla1DjfE2U?si=AhL_7hZnKz4uhW9_<\/a><\/div>\n<\/figure>\n<\/div>\n\n<div class=\"wp-block-column is-layout-flow wp-block-column-is-layout-flow\" style=\"flex-basis: 25%;\">\u00a0<\/div>\n<\/div>\n\t\t\t\t\t\t\t\t<\/div>\n\t\t\t\t<\/div>\n\t\t\t\t\t<\/div>\n\t\t<\/div>\n\t\t\t\t\t<\/div>\n\t\t<\/section>\n\t\t\t\t<section class=\"elementor-section elementor-top-section elementor-element elementor-element-40f1adaf elementor-section-boxed elementor-section-height-default elementor-section-height-default\" data-id=\"40f1adaf\" data-element_type=\"section\" data-e-type=\"section\">\n\t\t\t\t\t\t<div class=\"elementor-container elementor-column-gap-default\">\n\t\t\t\t\t<div class=\"elementor-column elementor-col-100 elementor-top-column elementor-element elementor-element-2da02b49\" data-id=\"2da02b49\" data-element_type=\"column\" data-e-type=\"column\">\n\t\t\t<div class=\"elementor-widget-wrap elementor-element-populated\">\n\t\t\t\t\t\t<div class=\"elementor-element elementor-element-6aeddd15 elementor-widget elementor-widget-text-editor\" data-id=\"6aeddd15\" data-element_type=\"widget\" data-e-type=\"widget\" data-widget_type=\"text-editor.default\">\n\t\t\t\t<div class=\"elementor-widget-container\">\n\t\t\t\t\t\t\t\t\t\n<div class=\"wp-block-kadence-column kadence-column4283_25f2af-eb kb-section-has-overlay\">\n<div class=\"kt-inside-inner-col\">\n<h1 class=\"wp-block-heading has-text-align-center has-white-color has-text-color\" style=\"text-transform: uppercase;\"><strong>\u00a1DONA y Ay\u00fadanos con la misi\u00f3n!<\/strong><\/h1>\n<!-- wp:kadence\/rowlayout {\"uniqueID\":\"4283_70a2ca-ae\",\"columns\":3,\"colLayout\":\"center-half\",\"maxWidthUnit\":\"%\",\"columnsInnerHeight\":true,\"padding\":[\"lg\",\"\",\"sm\",\"\"],\"kbVersion\":2,\"className\":\"programasblock\"} --><!-- wp:kadence\/column {\"borderWidth\":[\"\",\"\",\"\",\"\"],\"uniqueID\":\"4283_f1411a-88\",\"textAlign\":[null,\"\",\"\"],\"direction\":[\"vertical\",\"\",\"\"],\"kbVersion\":2} -->\n<div class=\"wp-block-kadence-column kadence-column4283_f1411a-88 kb-section-dir-vertical\">\n<div class=\"kt-inside-inner-col\">\u00a0<\/div>\n<\/div>\n<!-- \/wp:kadence\/column --><!-- wp:kadence\/column {\"id\":2,\"background\":\"#000000\",\"backgroundOpacity\":0.57,\"borderWidth\":[\"\",\"\",\"\",\"\"],\"uniqueID\":\"4283_dc1899-e2\",\"textColor\":\"#ffffff\",\"direction\":[\"vertical\",\"\",\"\"],\"padding\":[\"sm\",\"sm\",\"sm\",\"sm\"],\"kbVersion\":2} -->\n<div class=\"wp-block-kadence-column kadence-column4283_dc1899-e2 kb-section-dir-vertical\">\n<div class=\"kt-inside-inner-col\"><!-- wp:spacer {\"height\":\"20px\"} -->\n<div class=\"wp-block-spacer\" style=\"height: 20px;\" aria-hidden=\"true\">\u00a0<\/div>\n<!-- \/wp:spacer --><!-- wp:paragraph {\"style\":{\"elements\":{\"link\":{\"color\":{\"text\":\"var:preset|color|white\"}}}},\"textColor\":\"white\"} -->\n<p class=\"has-white-color has-text-color has-link-color\"><br \/><strong>Tu donativo nos ayuda a fortalecer a j\u00f3venes y colectivos de Malinalco, para juntos regenerar nuestros bosques.<\/strong><\/p>\n<!-- \/wp:paragraph --><!-- wp:html --><form action=\"https:\/\/www.paypal.com\/cgi-bin\/webscr\" method=\"post\" target=\"_blank\">\n<p><input name=\"cmd\" type=\"hidden\" value=\"_s-xclick\" \/> <input name=\"hosted_button_id\" type=\"hidden\" value=\"4X2WEMT35JV2U\" \/><\/p>\n<table style=\"border-spacing: 10px; border-collapse: initial;\">\n<tbody>\n<tr>\n<td><input name=\"on0\" type=\"hidden\" value=\"Donativo mensual\" \/>Donativo mensual v\u00eda paypal<\/td>\n<\/tr>\n<tr>\n<td class=\"buttonsdonar\"><select id=\"test\" name=\"os0\">\n<option value=\"Dona 1\">Dona 1 : $150.00 MXN &#8211; mensual<\/option>\n<option value=\"Dona 2\">Dona 2 : $250.00 MXN &#8211; mensual<\/option>\n<option value=\"Dona 3\">Dona 3 : $300.00 MXN &#8211; mensual<\/option>\n<option value=\"Dona 4\">Dona 4 : $500.00 MXN &#8211; mensual<\/option>\n<option value=\"Dona 5\">Dona 5 : $700.00 MXN &#8211; mensual<\/option>\n<option value=\"Dona 6\">Dona 6 : $900.00 MXN &#8211; mensual<\/option>\n<option value=\"Dona 7\">Dona 7 : $1,000.00 MXN &#8211; mensual<\/option>\n<option value=\"Dona 8\">Dona 8 : $1,200.00 MXN &#8211; mensual<\/option>\n<option value=\"Dona 9\">Dona 9 : $1,500.00 MXN &#8211; mensual<\/option>\n<\/select><\/td>\n<\/tr>\n<\/tbody>\n<\/table>\n<p class=\"buttonsubmit\"><input name=\"currency_code\" type=\"hidden\" value=\"MXN\" \/> <input alt=\"PayPal, la forma m\u00e1s segura y r\u00e1pida de pagar en l\u00ednea.\" name=\"submit\" src=\"https:\/\/fundacioncomunitariamalinalco.org\/wp-content\/uploads\/2023\/03\/BOTON_DONA.png\" type=\"image\" \/> <img decoding=\"async\" src=\"https:\/\/www.paypalobjects.com\/es_XC\/i\/scr\/pixel.gif\" alt=\"\" width=\"1\" height=\"1\" border=\"0\" \/><\/p>\n<\/form><!-- \/wp:html --><!-- wp:essential-blocks\/button {\"blockId\":\"eb-button-ad29p\",\"blockMeta\":{\"desktop\":\".eb-button-wrapper.eb-button-ad29p{margin-top:28px;margin-right:0px;margin-left:0px;margin-bottom:28px}.eb-button-wrapper.eb-button-ad29p.eb-button-alignment{align-items:center}.eb-button-wrapper.eb-button-ad29p .eb-button{justify-content:center}.eb-button-wrapper.eb-button-ad29p .eb-button-anchor{background-color:rgba(249,71,93,1);border-radius:20px;padding-top:15px;padding-right:30px;padding-left:30px;padding-bottom:15px;color:var(\\u002d\\u002deb-global-button-text-color);transition:all 0.3s,background 0.5s,border 0.5s,border-radius 0.5s,box-shadow 0.5s}.eb-button-wrapper.eb-button-ad29p .eb-button-anchor:hover{background-color:var(\\u002d\\u002deb-global-primary-color);color:var(\\u002d\\u002deb-global-button-text-color)}\",\"tab\":\"\",\"mobile\":\"\"},\"buttonText\":\"Donativo mensual con tarjeta\",\"buttonURL\":\"https:\/\/www.mercadopago.com.mx\/subscriptions\/checkout?preapproval_plan_id=2c9380848e83075d018ea0d55977106e\",\"btnBackbg_hoverType\":\"hover\",\"btnBackbackgroundColor\":\"rgba(249,71,93,1)\",\"hov_btnBackbackgroundColor\":\"var(\\u002d\\u002deb-global-primary-color)\",\"btnBrdShwRds_Top\":\"20\",\"btnBrdShwRds_Right\":\"20\",\"btnBrdShwRds_Bottom\":\"20\",\"btnBrdShwRds_Left\":\"20\",\"commonStyles\":{\"desktop\":\".eb-parent-eb-button-ad29p{display:block}.root-eb-button-ad29p{position:relative}\",\"tab\":\".eb-parent-eb-button-ad29p{display:block}\",\"mobile\":\".eb-parent-eb-button-ad29p{display:block}\"}} -->\n<div class=\"wp-block-essential-blocks-button  root-eb-button-ad29p\">\n<div class=\"eb-parent-wrapper eb-parent-eb-button-ad29p \">\n<div class=\"eb-button-wrapper eb-button-alignment eb-button-ad29p\">\n<div class=\"eb-button\">\u00a0<\/div>\n<\/div>\n<\/div>\n<\/div>\n<\/div>\n<\/div>\n<!-- \/wp:spacer --><!-- wp:heading {\"textAlign\":\"center\",\"level\":3,\"textColor\":\"white\"} -->\n<h3 class=\"wp-block-heading has-text-align-center has-white-color has-text-color\">S\u00e9 parte de nuestra comunidad de donantes y ay\u00fadanos a seguir<br \/>creando \u00e1reas de oportunidad y desarrollo.<\/h3>\n<!-- \/wp:heading --><\/div>\n<\/div>\n<!-- \/wp:kadence\/column --><!-- wp:columns -->\n<div class=\"wp-block-columns\"><!-- wp:column -->\n<div class=\"wp-block-column\">\u00a0<\/div>\n<\/div>\n<div class=\"wp-block-columns\"><!-- \/wp:column --><!-- wp:column {\"width\":\"50%\"} -->\n<div class=\"wp-block-column\" style=\"flex-basis: 50%;\"><!-- wp:embed {\"url\":\"https:\/\/youtu.be\/kUla1DjfE2U?si=AhL_7hZnKz4uhW9_\",\"type\":\"video\",\"providerNameSlug\":\"youtube\",\"responsive\":true,\"className\":\"wp-embed-aspect-16-9 wp-has-aspect-ratio\"} -->\n<figure class=\"wp-block-embed is-type-video is-provider-youtube wp-block-embed-youtube wp-embed-aspect-16-9 wp-has-aspect-ratio\">\n<div class=\"wp-block-embed__wrapper\"><a href=\"https:\/\/youtu.be\/kUla1DjfE2U?si=AhL_7hZnKz4uhW9_\">https:\/\/youtu.be\/kUla1DjfE2U?si=AhL_7hZnKz4uhW9_<\/a><\/div>\n<\/figure>\n<!-- \/wp:embed --><\/div>\n<!-- \/wp:column --><!-- wp:column {\"width\":\"25%\"} -->\n<div class=\"wp-block-column\" style=\"flex-basis: 25%;\">\u00a0<\/div>\n<!-- \/wp:column --><\/div>\n<!-- \/wp:columns -->\t\t\t\t\t\t\t\t<\/div>\n\t\t\t\t<\/div>\n\t\t\t\t\t<\/div>\n\t\t<\/div>\n\t\t\t\t\t<\/div>\n\t\t<\/section>\n\t\t\t\t<\/div>\n\t\t","protected":false},"excerpt":{"rendered":"<p>\u00a1DONA y Ay\u00fadanos con la misi\u00f3n! \u00a0 \u00a0 \u00a1DONA y Ay\u00fadanos con la misi\u00f3n! \u00a0 \u00a0 S\u00e9 parte de nuestra [&hellip;]<\/p>\n","protected":false},"author":1,"featured_media":0,"parent":0,"menu_order":0,"comment_status":"closed","ping_status":"closed","template":"","meta":{"_editorskit_title_hidden":false,"_editorskit_reading_time":0,"_editorskit_is_block_options_detached":false,"_editorskit_block_options_position":"{}","_eb_attr":"","advgb_blocks_editor_width":"","advgb_blocks_columns_visual_guide":"","pgc_sgb_lightbox_settings":"","footnotes":""},"categories":[],"class_list":["post-4283","page","type-page","status-publish","hentry"],"coauthors":[],"author_meta":{"author_link":"https:\/\/fundacioncomunitariamalinalco.org\/en\/author\/admin\/","display_name":"admin"},"relative_dates":{"created":"Posted 2 years ago","modified":"Updated 6 months ago"},"absolute_dates":{"created":"Posted on 23 October, 2023","modified":"Updated on 24 October, 2025"},"absolute_dates_time":{"created":"Posted on 23 October, 2023 7:45 pm","modified":"Updated on 24 October, 2025 12:15 pm"},"featured_img_caption":"","featured_img":false,"series_order":"","_links":{"self":[{"href":"https:\/\/fundacioncomunitariamalinalco.org\/en\/wp-json\/wp\/v2\/pages\/4283","targetHints":{"allow":["GET"]}}],"collection":[{"href":"https:\/\/fundacioncomunitariamalinalco.org\/en\/wp-json\/wp\/v2\/pages"}],"about":[{"href":"https:\/\/fundacioncomunitariamalinalco.org\/en\/wp-json\/wp\/v2\/types\/page"}],"author":[{"embeddable":true,"href":"https:\/\/fundacioncomunitariamalinalco.org\/en\/wp-json\/wp\/v2\/users\/1"}],"replies":[{"embeddable":true,"href":"https:\/\/fundacioncomunitariamalinalco.org\/en\/wp-json\/wp\/v2\/comments?post=4283"}],"version-history":[{"count":40,"href":"https:\/\/fundacioncomunitariamalinalco.org\/en\/wp-json\/wp\/v2\/pages\/4283\/revisions"}],"predecessor-version":[{"id":7377,"href":"https:\/\/fundacioncomunitariamalinalco.org\/en\/wp-json\/wp\/v2\/pages\/4283\/revisions\/7377"}],"wp:attachment":[{"href":"https:\/\/fundacioncomunitariamalinalco.org\/en\/wp-json\/wp\/v2\/media?parent=4283"}],"wp:term":[{"taxonomy":"category","embeddable":true,"href":"https:\/\/fundacioncomunitariamalinalco.org\/en\/wp-json\/wp\/v2\/categories?post=4283"}],"curies":[{"name":"wp","href":"https:\/\/api.w.org\/{rel}","templated":true}]}}