{"id":4326,"date":"2023-10-23T20:26:26","date_gmt":"2023-10-24T02:26:26","guid":{"rendered":"https:\/\/fundacioncomunitariamalinalco.org\/haz-tu-donativo-2\/conviertete-en-inversionista-social-copy\/"},"modified":"2024-03-11T14:40:54","modified_gmt":"2024-03-11T20:40:54","slug":"participa-como-voluntario","status":"publish","type":"page","link":"https:\/\/fundacioncomunitariamalinalco.org\/en\/haz-tu-donativo\/participa-como-voluntario\/","title":{"rendered":"Become a volunteer!"},"content":{"rendered":"\n<div class=\"wp-block-kadence-column kadence-column4326_ff9352-ce\"><div class=\"kt-inside-inner-col\">\n<h1 class=\"wp-block-heading has-text-align-center\" style=\"text-transform:uppercase\">\u00a1PARTICIPA COMO VOLUNTARIO!<\/h1>\n\n\n\n\n<div class=\"wp-block-kadence-column kadence-column4326_a30ff7-54 kb-section-dir-vertical\"><div class=\"kt-inside-inner-col\"><\/div><\/div>\n\n\n\n<div class=\"wp-block-kadence-column kadence-column4326_a15631-0c kb-section-dir-vertical\"><div class=\"kt-inside-inner-col\">\n<h4 class=\"wp-block-heading has-text-align-center\">\u00a1Todos tenemos un talento y algo que aportar!<br><\/h4>\n\n\n\n<div class=\"wp-block-essential-blocks-slider\"><div class=\"eb-parent-wrapper eb-parent-eb-slider-tcaoo46 \"><div class=\"eb-slider-wrapper eb-slider-tcaoo46\" data-settings=\"{&quot;arrows&quot;:true,&quot;adaptiveHeight&quot;:false,&quot;autoplay&quot;:true,&quot;autoplaySpeed&quot;:3000,&quot;dots&quot;:true,&quot;fade&quot;:false,&quot;infinite&quot;:true,&quot;pauseOnHover&quot;:true,&quot;slidesToShow&quot;:1,&quot;speed&quot;:500,&quot;vertical&quot;:false,&quot;currentSlide&quot;:0,&quot;rtl&quot;:false,&quot;responsive&quot;:[{&quot;breakpoint&quot;:1025,&quot;settings&quot;:{&quot;slidesToShow&quot;:1}},{&quot;breakpoint&quot;:767,&quot;settings&quot;:{&quot;slidesToShow&quot;:1}}]}\" data-images=\"[{&quot;url&quot;:&quot;https:\/\/fundacioncomunitariamalinalco.org\/wp-content\/uploads\/2023\/11\/Copia-de-IMG-20210716-WA0023.jpg&quot;,&quot;alt&quot;:&quot;&quot;,&quot;id&quot;:0,&quot;imageId&quot;:4458,&quot;caption&quot;:&quot;&quot;,&quot;title&quot;:&quot;Slider 2&quot;,&quot;subtitle&quot;:&quot;Essential Blocks Slider Subtitle&quot;,&quot;showButton&quot;:true,&quot;buttonText&quot;:&quot;See More&quot;,&quot;buttonUrl&quot;:&quot;&quot;,&quot;openNewTab&quot;:false,&quot;isValidUrl&quot;:true,&quot;showSecondButton&quot;:false,&quot;secondButtonText&quot;:&quot;See More&quot;,&quot;secondButtonUrl&quot;:&quot;&quot;,&quot;secondButtonOpenNewTab&quot;:false},{&quot;url&quot;:&quot;https:\/\/fundacioncomunitariamalinalco.org\/wp-content\/uploads\/2023\/11\/Copia-de-DSC_0900.jpg&quot;,&quot;alt&quot;:&quot;&quot;,&quot;id&quot;:1,&quot;imageId&quot;:4457,&quot;caption&quot;:&quot;&quot;,&quot;title&quot;:&quot;Slider 3&quot;,&quot;subtitle&quot;:&quot;Essential Blocks Slider Subtitle&quot;,&quot;showButton&quot;:true,&quot;buttonText&quot;:&quot;See More&quot;,&quot;buttonUrl&quot;:&quot;&quot;,&quot;openNewTab&quot;:false,&quot;isValidUrl&quot;:true,&quot;showSecondButton&quot;:false,&quot;secondButtonText&quot;:&quot;See More&quot;,&quot;secondButtonUrl&quot;:&quot;&quot;,&quot;secondButtonOpenNewTab&quot;:false},{&quot;url&quot;:&quot;https:\/\/fundacioncomunitariamalinalco.org\/wp-content\/uploads\/2023\/11\/Copia-de-DSC_0162.jpg&quot;,&quot;alt&quot;:&quot;&quot;,&quot;id&quot;:2,&quot;imageId&quot;:4456,&quot;caption&quot;:&quot;&quot;,&quot;title&quot;:&quot;Slider 4&quot;,&quot;subtitle&quot;:&quot;Essential Blocks Slider Subtitle&quot;,&quot;showButton&quot;:true,&quot;buttonText&quot;:&quot;See More&quot;,&quot;buttonUrl&quot;:&quot;&quot;,&quot;openNewTab&quot;:false,&quot;isValidUrl&quot;:true,&quot;showSecondButton&quot;:false,&quot;secondButtonText&quot;:&quot;See More&quot;,&quot;secondButtonUrl&quot;:&quot;&quot;,&quot;secondButtonOpenNewTab&quot;:false},{&quot;url&quot;:&quot;https:\/\/fundacioncomunitariamalinalco.org\/wp-content\/uploads\/2023\/11\/Copia-de-DSC_0015.jpg&quot;,&quot;alt&quot;:&quot;&quot;,&quot;id&quot;:3,&quot;imageId&quot;:4462,&quot;caption&quot;:&quot;&quot;,&quot;title&quot;:&quot;Slider 5&quot;,&quot;subtitle&quot;:&quot;Essential Blocks Slider Subtitle&quot;,&quot;showButton&quot;:true,&quot;buttonText&quot;:&quot;See More&quot;,&quot;buttonUrl&quot;:&quot;&quot;,&quot;openNewTab&quot;:false,&quot;isValidUrl&quot;:true,&quot;showSecondButton&quot;:false,&quot;secondButtonText&quot;:&quot;See More&quot;,&quot;secondButtonUrl&quot;:&quot;&quot;,&quot;secondButtonOpenNewTab&quot;:false},{&quot;url&quot;:&quot;https:\/\/fundacioncomunitariamalinalco.org\/wp-content\/uploads\/2023\/11\/Copia-de-IMG_0357-scaled.jpg&quot;,&quot;alt&quot;:&quot;&quot;,&quot;id&quot;:4,&quot;imageId&quot;:4461,&quot;caption&quot;:&quot;&quot;,&quot;title&quot;:&quot;Slider 6&quot;,&quot;subtitle&quot;:&quot;Essential Blocks Slider Subtitle&quot;,&quot;showButton&quot;:true,&quot;buttonText&quot;:&quot;See More&quot;,&quot;buttonUrl&quot;:&quot;&quot;,&quot;openNewTab&quot;:false,&quot;isValidUrl&quot;:true,&quot;showSecondButton&quot;:false,&quot;secondButtonText&quot;:&quot;See More&quot;,&quot;secondButtonUrl&quot;:&quot;&quot;,&quot;secondButtonOpenNewTab&quot;:false},{&quot;url&quot;:&quot;https:\/\/fundacioncomunitariamalinalco.org\/wp-content\/uploads\/2024\/01\/8.png&quot;,&quot;alt&quot;:&quot;&quot;,&quot;id&quot;:5,&quot;imageId&quot;:4858,&quot;caption&quot;:&quot;&quot;,&quot;title&quot;:&quot;Slider 6&quot;,&quot;subtitle&quot;:&quot;Essential Blocks Slider Subtitle&quot;,&quot;showButton&quot;:true,&quot;buttonText&quot;:&quot;See More&quot;,&quot;buttonUrl&quot;:&quot;&quot;,&quot;openNewTab&quot;:false,&quot;isValidUrl&quot;:true,&quot;showSecondButton&quot;:false,&quot;secondButtonText&quot;:&quot;See More&quot;,&quot;secondButtonUrl&quot;:&quot;&quot;,&quot;secondButtonOpenNewTab&quot;:false},{&quot;url&quot;:&quot;https:\/\/fundacioncomunitariamalinalco.org\/wp-content\/uploads\/2024\/01\/FCM_1576.jpg&quot;,&quot;alt&quot;:&quot;&quot;,&quot;id&quot;:6,&quot;imageId&quot;:4801,&quot;caption&quot;:&quot;&quot;,&quot;title&quot;:&quot;Slider 7&quot;,&quot;subtitle&quot;:&quot;Essential Blocks Slider Subtitle&quot;,&quot;showButton&quot;:true,&quot;buttonText&quot;:&quot;See More&quot;,&quot;buttonUrl&quot;:&quot;&quot;,&quot;openNewTab&quot;:false,&quot;isValidUrl&quot;:true,&quot;showSecondButton&quot;:false,&quot;secondButtonText&quot;:&quot;See More&quot;,&quot;secondButtonUrl&quot;:&quot;&quot;,&quot;secondButtonOpenNewTab&quot;:false},{&quot;url&quot;:&quot;https:\/\/fundacioncomunitariamalinalco.org\/wp-content\/uploads\/2024\/01\/FCM_1600.jpg&quot;,&quot;alt&quot;:&quot;&quot;,&quot;id&quot;:7,&quot;imageId&quot;:4804,&quot;caption&quot;:&quot;&quot;,&quot;title&quot;:&quot;Slider 8&quot;,&quot;subtitle&quot;:&quot;Essential Blocks Slider Subtitle&quot;,&quot;showButton&quot;:true,&quot;buttonText&quot;:&quot;See More&quot;,&quot;buttonUrl&quot;:&quot;&quot;,&quot;openNewTab&quot;:false,&quot;isValidUrl&quot;:true,&quot;showSecondButton&quot;:false,&quot;secondButtonText&quot;:&quot;See More&quot;,&quot;secondButtonUrl&quot;:&quot;&quot;,&quot;secondButtonOpenNewTab&quot;:false},{&quot;url&quot;:&quot;https:\/\/fundacioncomunitariamalinalco.org\/wp-content\/uploads\/2024\/01\/FCM_1520.jpg&quot;,&quot;alt&quot;:&quot;&quot;,&quot;id&quot;:8,&quot;imageId&quot;:4779,&quot;caption&quot;:&quot;&quot;,&quot;title&quot;:&quot;Slider 9&quot;,&quot;subtitle&quot;:&quot;Essential Blocks Slider Subtitle&quot;,&quot;showButton&quot;:true,&quot;buttonText&quot;:&quot;See More&quot;,&quot;buttonUrl&quot;:&quot;&quot;,&quot;openNewTab&quot;:false,&quot;isValidUrl&quot;:true,&quot;showSecondButton&quot;:false,&quot;secondButtonText&quot;:&quot;See More&quot;,&quot;secondButtonUrl&quot;:&quot;&quot;,&quot;secondButtonOpenNewTab&quot;:false},{&quot;url&quot;:&quot;https:\/\/fundacioncomunitariamalinalco.org\/wp-content\/uploads\/2024\/01\/FCM_1565.jpg&quot;,&quot;alt&quot;:&quot;&quot;,&quot;id&quot;:9,&quot;imageId&quot;:4799,&quot;caption&quot;:&quot;&quot;,&quot;title&quot;:&quot;Slider 10&quot;,&quot;subtitle&quot;:&quot;Essential Blocks Slider Subtitle&quot;,&quot;showButton&quot;:true,&quot;buttonText&quot;:&quot;See More&quot;,&quot;buttonUrl&quot;:&quot;&quot;,&quot;openNewTab&quot;:false,&quot;isValidUrl&quot;:true,&quot;showSecondButton&quot;:false,&quot;secondButtonText&quot;:&quot;See More&quot;,&quot;secondButtonUrl&quot;:&quot;&quot;,&quot;secondButtonOpenNewTab&quot;:false},{&quot;url&quot;:&quot;https:\/\/fundacioncomunitariamalinalco.org\/wp-content\/uploads\/2024\/01\/FCM_1489.jpg&quot;,&quot;alt&quot;:&quot;&quot;,&quot;id&quot;:10,&quot;imageId&quot;:4777,&quot;caption&quot;:&quot;&quot;,&quot;title&quot;:&quot;Slider 11&quot;,&quot;subtitle&quot;:&quot;Essential Blocks Slider Subtitle&quot;,&quot;showButton&quot;:true,&quot;buttonText&quot;:&quot;See More&quot;,&quot;buttonUrl&quot;:&quot;&quot;,&quot;openNewTab&quot;:false,&quot;isValidUrl&quot;:true,&quot;showSecondButton&quot;:false,&quot;secondButtonText&quot;:&quot;See More&quot;,&quot;secondButtonUrl&quot;:&quot;&quot;,&quot;secondButtonOpenNewTab&quot;:false},{&quot;url&quot;:&quot;https:\/\/fundacioncomunitariamalinalco.org\/wp-content\/uploads\/2024\/01\/FCM_1460.jpg&quot;,&quot;alt&quot;:&quot;&quot;,&quot;id&quot;:11,&quot;imageId&quot;:4773,&quot;caption&quot;:&quot;&quot;,&quot;title&quot;:&quot;Slider 12&quot;,&quot;subtitle&quot;:&quot;Essential Blocks Slider Subtitle&quot;,&quot;showButton&quot;:true,&quot;buttonText&quot;:&quot;See More&quot;,&quot;buttonUrl&quot;:&quot;&quot;,&quot;openNewTab&quot;:false,&quot;isValidUrl&quot;:true,&quot;showSecondButton&quot;:false,&quot;secondButtonText&quot;:&quot;See More&quot;,&quot;secondButtonUrl&quot;:&quot;&quot;,&quot;secondButtonOpenNewTab&quot;:false}]\" data-slidercontenttype=\"content-1\" data-slidertype=\"image\" data-textalign=\"left\" data-arrownexticon=\"fas fa-arrow-alt-circle-right\" data-arrowprevicon=\"fas fa-arrow-alt-circle-left\" data-titletag=\"h2\" data-contenttag=\"p\"><div class=\"eb-slider-type-image\"><div class=\"eb-slider-item content-1\"><img decoding=\"async\" class=\"eb-slider-image\" src=\"https:\/\/fundacioncomunitariamalinalco.org\/wp-content\/uploads\/2023\/11\/Copia-de-IMG-20210716-WA0023.jpg\"\/><\/div><div class=\"eb-slider-item content-1\"><img decoding=\"async\" class=\"eb-slider-image\" src=\"https:\/\/fundacioncomunitariamalinalco.org\/wp-content\/uploads\/2023\/11\/Copia-de-DSC_0900.jpg\"\/><\/div><div class=\"eb-slider-item content-1\"><img decoding=\"async\" class=\"eb-slider-image\" src=\"https:\/\/fundacioncomunitariamalinalco.org\/wp-content\/uploads\/2023\/11\/Copia-de-DSC_0162.jpg\"\/><\/div><div class=\"eb-slider-item content-1\"><img decoding=\"async\" class=\"eb-slider-image\" src=\"https:\/\/fundacioncomunitariamalinalco.org\/wp-content\/uploads\/2023\/11\/Copia-de-DSC_0015.jpg\"\/><\/div><div class=\"eb-slider-item content-1\"><img decoding=\"async\" class=\"eb-slider-image\" src=\"https:\/\/fundacioncomunitariamalinalco.org\/wp-content\/uploads\/2023\/11\/Copia-de-IMG_0357-scaled.jpg\"\/><\/div><div class=\"eb-slider-item content-1\"><img decoding=\"async\" class=\"eb-slider-image\" src=\"https:\/\/fundacioncomunitariamalinalco.org\/wp-content\/uploads\/2024\/01\/8.png\"\/><\/div><div class=\"eb-slider-item content-1\"><img decoding=\"async\" class=\"eb-slider-image\" src=\"https:\/\/fundacioncomunitariamalinalco.org\/wp-content\/uploads\/2024\/01\/FCM_1576.jpg\"\/><\/div><div class=\"eb-slider-item content-1\"><img decoding=\"async\" class=\"eb-slider-image\" src=\"https:\/\/fundacioncomunitariamalinalco.org\/wp-content\/uploads\/2024\/01\/FCM_1600.jpg\"\/><\/div><div class=\"eb-slider-item content-1\"><img decoding=\"async\" class=\"eb-slider-image\" src=\"https:\/\/fundacioncomunitariamalinalco.org\/wp-content\/uploads\/2024\/01\/FCM_1520.jpg\"\/><\/div><div class=\"eb-slider-item content-1\"><img decoding=\"async\" class=\"eb-slider-image\" src=\"https:\/\/fundacioncomunitariamalinalco.org\/wp-content\/uploads\/2024\/01\/FCM_1565.jpg\"\/><\/div><div class=\"eb-slider-item content-1\"><img decoding=\"async\" class=\"eb-slider-image\" src=\"https:\/\/fundacioncomunitariamalinalco.org\/wp-content\/uploads\/2024\/01\/FCM_1489.jpg\"\/><\/div><div class=\"eb-slider-item content-1\"><img decoding=\"async\" class=\"eb-slider-image\" src=\"https:\/\/fundacioncomunitariamalinalco.org\/wp-content\/uploads\/2024\/01\/FCM_1460.jpg\"\/><\/div><\/div><\/div><\/div><\/div>\n\n\n\n<h4 class=\"wp-block-heading has-text-align-center\">\u00a1Conoce las experiencias de otros voluntarios y convi\u00e9rtete en uno!<\/h4>\n\n\n\n<h4 class=\"wp-block-heading has-text-align-center\"><br><a href=\"https:\/\/fundacioncomunitariamalinalco.org\/wp-content\/uploads\/2023\/11\/Catalogo-de-voluntariado-por-proyecto-FCM-.pdf\" class=\"ek-link\">\u00a1Consulta el cat\u00e1logo de opciones para<br>poder participar!<\/a><\/h4>\n\n\n\n<h3 class=\"wp-block-heading has-text-align-center\">\u00a1Tambi\u00e9n puedes colaborar con tu escuela u organizaci\u00f3n a trav\u00e9s de las experiencias comunitarias!<\/h3>\n\n\n\n<figure class=\"wp-block-embed is-type-video is-provider-youtube wp-block-embed-youtube wp-embed-aspect-16-9 wp-has-aspect-ratio\"><div class=\"wp-block-embed__wrapper\">\n<iframe title=\"Experiencia Comunitaria con la Prepa Ibero\" width=\"640\" height=\"360\" src=\"https:\/\/www.youtube.com\/embed\/8KDO9cOInSQ?feature=oembed\" frameborder=\"0\" allow=\"accelerometer; autoplay; clipboard-write; encrypted-media; gyroscope; picture-in-picture; web-share\" referrerpolicy=\"strict-origin-when-cross-origin\" allowfullscreen><\/iframe>\n<\/div><\/figure>\n\n\n\n\n<div class=\"wp-block-kadence-column kadence-column4326_2ef37d-dc\"><div class=\"kt-inside-inner-col\"><\/div><\/div>\n\n\n\n<div class=\"wp-block-kadence-column kadence-column4326_40e1f0-d7\"><div class=\"kt-inside-inner-col\">\n<figure class=\"wp-block-image size-full\"><img fetchpriority=\"high\" decoding=\"async\" width=\"387\" height=\"412\" src=\"https:\/\/fundacioncomunitariamalinalco.org\/wp-content\/uploads\/2023\/10\/Recurso-77.png\" alt=\"\" class=\"wp-image-4329\" srcset=\"https:\/\/fundacioncomunitariamalinalco.org\/wp-content\/uploads\/2023\/10\/Recurso-77.png 387w, https:\/\/fundacioncomunitariamalinalco.org\/wp-content\/uploads\/2023\/10\/Recurso-77-282x300.png 282w, https:\/\/fundacioncomunitariamalinalco.org\/wp-content\/uploads\/2023\/10\/Recurso-77-11x12.png 11w\" sizes=\"(max-width: 387px) 100vw, 387px\" \/><\/figure>\n<\/div><\/div>\n\n\n\n<div class=\"wp-block-kadence-column kadence-column4326_8f0faf-ce\"><div class=\"kt-inside-inner-col\"><\/div><\/div>\n\n\n\n\n<h4 class=\"wp-block-heading has-text-align-center\">Para colaborar como voluntario en FCM<br>comun\u00edcate con nosotros:<br><br><strong><a href=\"mailto:info@fcmalinalco.org\" class=\"ek-link\">info@fcmalinalco.org<\/a><\/strong><\/h4>\n\n\n\n<h4 class=\"wp-block-heading has-text-align-center\">Cel. 72 23 37 33 95<strong><br><\/strong><br>Tel: (714) 1471113<\/h4>\n\n\n\n<p><\/p>\n\n\n\n<div style=\"height:100px\" aria-hidden=\"true\" class=\"wp-block-spacer\"><\/div>\n<\/div><\/div>\n\n\n\n<div class=\"wp-block-kadence-column kadence-column4326_57b46a-a8 kb-section-dir-vertical\"><div class=\"kt-inside-inner-col\"><\/div><\/div>\n\n<\/div><\/div>\n","protected":false},"excerpt":{"rendered":"","protected":false},"author":1,"featured_media":0,"parent":4283,"menu_order":0,"comment_status":"closed","ping_status":"closed","template":"elementor_header_footer","meta":{"_editorskit_title_hidden":false,"_editorskit_reading_time":0,"_editorskit_is_block_options_detached":false,"_editorskit_block_options_position":"{}","_eb_attr":"","advgb_blocks_editor_width":"","advgb_blocks_columns_visual_guide":"","pgc_sgb_lightbox_settings":"","footnotes":""},"categories":[],"class_list":["post-4326","page","type-page","status-publish","hentry"],"coauthors":[],"author_meta":{"author_link":"https:\/\/fundacioncomunitariamalinalco.org\/en\/author\/admin\/","display_name":"admin"},"relative_dates":{"created":"Posted 2 years ago","modified":"Updated 2 years ago"},"absolute_dates":{"created":"Posted on 23 October, 2023","modified":"Updated on 11 March, 2024"},"absolute_dates_time":{"created":"Posted on 23 October, 2023 8:26 pm","modified":"Updated on 11 March, 2024 2:40 pm"},"featured_img_caption":"","featured_img":false,"series_order":"","_links":{"self":[{"href":"https:\/\/fundacioncomunitariamalinalco.org\/en\/wp-json\/wp\/v2\/pages\/4326","targetHints":{"allow":["GET"]}}],"collection":[{"href":"https:\/\/fundacioncomunitariamalinalco.org\/en\/wp-json\/wp\/v2\/pages"}],"about":[{"href":"https:\/\/fundacioncomunitariamalinalco.org\/en\/wp-json\/wp\/v2\/types\/page"}],"author":[{"embeddable":true,"href":"https:\/\/fundacioncomunitariamalinalco.org\/en\/wp-json\/wp\/v2\/users\/1"}],"replies":[{"embeddable":true,"href":"https:\/\/fundacioncomunitariamalinalco.org\/en\/wp-json\/wp\/v2\/comments?post=4326"}],"version-history":[{"count":18,"href":"https:\/\/fundacioncomunitariamalinalco.org\/en\/wp-json\/wp\/v2\/pages\/4326\/revisions"}],"predecessor-version":[{"id":5084,"href":"https:\/\/fundacioncomunitariamalinalco.org\/en\/wp-json\/wp\/v2\/pages\/4326\/revisions\/5084"}],"up":[{"embeddable":true,"href":"https:\/\/fundacioncomunitariamalinalco.org\/en\/wp-json\/wp\/v2\/pages\/4283"}],"wp:attachment":[{"href":"https:\/\/fundacioncomunitariamalinalco.org\/en\/wp-json\/wp\/v2\/media?parent=4326"}],"wp:term":[{"taxonomy":"category","embeddable":true,"href":"https:\/\/fundacioncomunitariamalinalco.org\/en\/wp-json\/wp\/v2\/categories?post=4326"}],"curies":[{"name":"wp","href":"https:\/\/api.w.org\/{rel}","templated":true}]}}