{"id":817,"date":"2019-01-11T11:53:02","date_gmt":"2019-01-11T17:53:02","guid":{"rendered":"http:\/\/fundacioncomunitariamalinalco.org\/newsite\/?page_id=817"},"modified":"2021-11-26T17:04:35","modified_gmt":"2021-11-26T23:04:35","slug":"programas","status":"publish","type":"page","link":"https:\/\/fundacioncomunitariamalinalco.org\/en\/programas\/","title":{"rendered":"Programas"},"content":{"rendered":"<div data-elementor-type=\"wp-page\" data-elementor-id=\"817\" class=\"elementor elementor-817\">\n\t\t\t\t\t\t<section class=\"elementor-section elementor-top-section elementor-element elementor-element-2c769985 elementor-section-boxed elementor-section-height-default elementor-section-height-default\" data-id=\"2c769985\" data-element_type=\"section\" data-e-type=\"section\">\n\t\t\t\t\t\t<div class=\"elementor-container elementor-column-gap-default\">\n\t\t\t\t\t<div class=\"elementor-column elementor-col-100 elementor-top-column elementor-element elementor-element-2320bc85\" data-id=\"2320bc85\" data-element_type=\"column\" data-e-type=\"column\">\n\t\t\t<div class=\"elementor-widget-wrap elementor-element-populated\">\n\t\t\t\t\t\t<div class=\"elementor-element elementor-element-4322009f elementor-widget elementor-widget-text-editor\" data-id=\"4322009f\" data-element_type=\"widget\" data-e-type=\"widget\" data-widget_type=\"text-editor.default\">\n\t\t\t\t<div class=\"elementor-widget-container\">\n\t\t\t\t\t\t\t\t\t<p><\/p>\n<p>Fundaci\u00f3n Comunitaria Malinalco promueve la participaci\u00f3n social a trav\u00e9s de la creaci\u00f3n de programas que brinden habilidades para el desarrollo de iniciativas de emprendimiento, en busca de cambios sociales y ambientales.<\/p>\n<p><\/p>\t\t\t\t\t\t\t\t<\/div>\n\t\t\t\t<\/div>\n\t\t\t\t<section class=\"elementor-section elementor-inner-section elementor-element elementor-element-4ca65e1 elementor-section-boxed elementor-section-height-default elementor-section-height-default\" data-id=\"4ca65e1\" data-element_type=\"section\" data-e-type=\"section\">\n\t\t\t\t\t\t<div class=\"elementor-container elementor-column-gap-default\">\n\t\t\t\t\t<div class=\"elementor-column elementor-col-33 elementor-inner-column elementor-element elementor-element-552d59f\" data-id=\"552d59f\" data-element_type=\"column\" data-e-type=\"column\">\n\t\t\t<div class=\"elementor-widget-wrap elementor-element-populated\">\n\t\t\t\t\t\t<div class=\"elementor-element elementor-element-e77b8df elementor-widget elementor-widget-image\" data-id=\"e77b8df\" data-element_type=\"widget\" data-e-type=\"widget\" data-widget_type=\"image.default\">\n\t\t\t\t<div class=\"elementor-widget-container\">\n\t\t\t\t\t\t\t\t\t\t\t\t\t\t\t\t<a href=\"https:\/\/fundacioncomunitariamalinalco.org\/en\/programa-jovenes-agentes-de-cambio\/\">\n\t\t\t\t\t\t\t<img decoding=\"async\" src=\"https:\/\/fundacioncomunitariamalinalco.org\/wp-content\/uploads\/elementor\/thumbs\/icono-jovenesagentes-pgjxlib21n2jnu87xxgav0vxddplje5994gytam9gc.png\" title=\"icono-jovenesagentes\" alt=\"icono-jovenesagentes\" loading=\"lazy\" \/>\t\t\t\t\t\t\t\t<\/a>\n\t\t\t\t\t\t\t\t\t\t\t\t\t\t\t<\/div>\n\t\t\t\t<\/div>\n\t\t\t\t<div class=\"elementor-element elementor-element-0b5e0b7 elementor-widget elementor-widget-icon-box\" data-id=\"0b5e0b7\" data-element_type=\"widget\" data-e-type=\"widget\" data-widget_type=\"icon-box.default\">\n\t\t\t\t<div class=\"elementor-widget-container\">\n\t\t\t\t\t\t\t<div class=\"elementor-icon-box-wrapper\">\n\n\t\t\t\n\t\t\t\t\t\t<div class=\"elementor-icon-box-content\">\n\n\t\t\t\t\t\t\t\t\t<h3 class=\"elementor-icon-box-title\">\n\t\t\t\t\t\t<a href=\"https:\/\/fundacioncomunitariamalinalco.org\/en\/programa-jovenes-agentes-de-cambio\/\" >\n\t\t\t\t\t\t\tJ\u00f3venes Agentes \nde Cambio\t\t\t\t\t\t<\/a>\n\t\t\t\t\t<\/h3>\n\t\t\t\t\n\t\t\t\t\t\t\t\t\t<p class=\"elementor-icon-box-description\">\n\t\t\t\t\t\tPrograma de Emprendimiento a j\u00f3venes\n#SomosJAC\t\t\t\t\t<\/p>\n\t\t\t\t\n\t\t\t<\/div>\n\t\t\t\n\t\t<\/div>\n\t\t\t\t\t\t<\/div>\n\t\t\t\t<\/div>\n\t\t\t\t\t<\/div>\n\t\t<\/div>\n\t\t\t\t<div class=\"elementor-column elementor-col-33 elementor-inner-column elementor-element elementor-element-b8fb16a\" data-id=\"b8fb16a\" data-element_type=\"column\" data-e-type=\"column\">\n\t\t\t<div class=\"elementor-widget-wrap elementor-element-populated\">\n\t\t\t\t\t\t<div class=\"elementor-element elementor-element-0246cf6 elementor-widget elementor-widget-image\" data-id=\"0246cf6\" data-element_type=\"widget\" data-e-type=\"widget\" data-widget_type=\"image.default\">\n\t\t\t\t<div class=\"elementor-widget-container\">\n\t\t\t\t\t\t\t\t\t\t\t\t\t\t\t\t<a href=\"https:\/\/fundacioncomunitariamalinalco.org\/en\/que-hacemos\/programa-cultura-forestal\/\">\n\t\t\t\t\t\t\t<img decoding=\"async\" src=\"https:\/\/fundacioncomunitariamalinalco.org\/wp-content\/uploads\/elementor\/thumbs\/icono_culturaF-pgjxmyy04mmgpd8ida7zmm8zcdwt6sw6n4eutzo6ze.png\" title=\"icono_culturaF\" alt=\"icono_culturaF\" loading=\"lazy\" \/>\t\t\t\t\t\t\t\t<\/a>\n\t\t\t\t\t\t\t\t\t\t\t\t\t\t\t<\/div>\n\t\t\t\t<\/div>\n\t\t\t\t<div class=\"elementor-element elementor-element-3afb950 elementor-widget elementor-widget-icon-box\" data-id=\"3afb950\" data-element_type=\"widget\" data-e-type=\"widget\" data-widget_type=\"icon-box.default\">\n\t\t\t\t<div class=\"elementor-widget-container\">\n\t\t\t\t\t\t\t<div class=\"elementor-icon-box-wrapper\">\n\n\t\t\t\n\t\t\t\t\t\t<div class=\"elementor-icon-box-content\">\n\n\t\t\t\t\t\t\t\t\t<h3 class=\"elementor-icon-box-title\">\n\t\t\t\t\t\t<a href=\"https:\/\/fundacioncomunitariamalinalco.org\/en\/que-hacemos\/programa-cultura-forestal\/\" >\n\t\t\t\t\t\t\tCultura \nForestal\t\t\t\t\t\t<\/a>\n\t\t\t\t\t<\/h3>\n\t\t\t\t\n\t\t\t\t\t\t\t\t\t<p class=\"elementor-icon-box-description\">\n\t\t\t\t\t\tPrograma de cuidado y protecci\u00f3n de nuestros recursos forestales.\t\t\t\t\t<\/p>\n\t\t\t\t\n\t\t\t<\/div>\n\t\t\t\n\t\t<\/div>\n\t\t\t\t\t\t<\/div>\n\t\t\t\t<\/div>\n\t\t\t\t\t<\/div>\n\t\t<\/div>\n\t\t\t\t<div class=\"elementor-column elementor-col-33 elementor-inner-column elementor-element elementor-element-73eee29\" data-id=\"73eee29\" data-element_type=\"column\" data-e-type=\"column\">\n\t\t\t<div class=\"elementor-widget-wrap elementor-element-populated\">\n\t\t\t\t\t\t<div class=\"elementor-element elementor-element-77c3ba7 elementor-widget elementor-widget-image\" data-id=\"77c3ba7\" data-element_type=\"widget\" data-e-type=\"widget\" data-widget_type=\"image.default\">\n\t\t\t\t<div class=\"elementor-widget-container\">\n\t\t\t\t\t\t\t\t\t\t\t\t\t\t\t\t<a href=\"https:\/\/fundacioncomunitariamalinalco.org\/en\/fortalecimiento-y-subdonaciones\/\">\n\t\t\t\t\t\t\t<img decoding=\"async\" src=\"https:\/\/fundacioncomunitariamalinalco.org\/wp-content\/uploads\/2021\/11\/i\u0301cono_fortalecimiento.png\" title=\"i\u0301cono_fortalecimiento\" alt=\"i\u0301cono_fortalecimiento\" loading=\"lazy\" \/>\t\t\t\t\t\t\t\t<\/a>\n\t\t\t\t\t\t\t\t\t\t\t\t\t\t\t<\/div>\n\t\t\t\t<\/div>\n\t\t\t\t<div class=\"elementor-element elementor-element-352e186 elementor-widget elementor-widget-icon-box\" data-id=\"352e186\" data-element_type=\"widget\" data-e-type=\"widget\" data-widget_type=\"icon-box.default\">\n\t\t\t\t<div class=\"elementor-widget-container\">\n\t\t\t\t\t\t\t<div class=\"elementor-icon-box-wrapper\">\n\n\t\t\t\n\t\t\t\t\t\t<div class=\"elementor-icon-box-content\">\n\n\t\t\t\t\t\t\t\t\t<h3 class=\"elementor-icon-box-title\">\n\t\t\t\t\t\t<a href=\"https:\/\/fundacioncomunitariamalinalco.org\/en\/fortalecimiento-y-subdonaciones\/\" >\n\t\t\t\t\t\t\tFortalecimiento y Subdonaciones\t\t\t\t\t\t<\/a>\n\t\t\t\t\t<\/h3>\n\t\t\t\t\n\t\t\t\t\t\t\t\t\t<p class=\"elementor-icon-box-description\">\n\t\t\t\t\t\tPrograma de Fortalecimiento y Subdonaciones a grupos y OSC's de Malinalco\t\t\t\t\t<\/p>\n\t\t\t\t\n\t\t\t<\/div>\n\t\t\t\n\t\t<\/div>\n\t\t\t\t\t\t<\/div>\n\t\t\t\t<\/div>\n\t\t\t\t\t<\/div>\n\t\t<\/div>\n\t\t\t\t\t<\/div>\n\t\t<\/section>\n\t\t\t\t\t<\/div>\n\t\t<\/div>\n\t\t\t\t\t<\/div>\n\t\t<\/section>\n\t\t\t\t<\/div>","protected":false},"excerpt":{"rendered":"<p>Fundaci\u00f3n Comunitaria Malinalco promueve la participaci\u00f3n social a trav\u00e9s de la creaci\u00f3n de programas que brinden habilidades para el desarrollo [&hellip;]<\/p>\n","protected":false},"author":2,"featured_media":1715,"parent":0,"menu_order":0,"comment_status":"closed","ping_status":"closed","template":"page-hacemos.php","meta":{"_editorskit_title_hidden":false,"_editorskit_reading_time":0,"_editorskit_is_block_options_detached":false,"_editorskit_block_options_position":"{}","_eb_attr":"","advgb_blocks_editor_width":"","advgb_blocks_columns_visual_guide":"","pgc_sgb_lightbox_settings":"","footnotes":""},"categories":[],"class_list":["post-817","page","type-page","status-publish","has-post-thumbnail","hentry"],"coauthors":[],"author_meta":{"author_link":"https:\/\/fundacioncomunitariamalinalco.org\/en\/author\/friedalocu\/","display_name":"friedalocu"},"relative_dates":{"created":"Posted 7 years ago","modified":"Updated 4 years ago"},"absolute_dates":{"created":"Posted on 11 January, 2019","modified":"Updated on 26 November, 2021"},"absolute_dates_time":{"created":"Posted on 11 January, 2019 11:53 am","modified":"Updated on 26 November, 2021 5:04 pm"},"featured_img_caption":"","featured_img":"https:\/\/fundacioncomunitariamalinalco.org\/wp-content\/uploads\/2019\/01\/BANNER_PROGRAMAS1.png","series_order":"","_links":{"self":[{"href":"https:\/\/fundacioncomunitariamalinalco.org\/en\/wp-json\/wp\/v2\/pages\/817","targetHints":{"allow":["GET"]}}],"collection":[{"href":"https:\/\/fundacioncomunitariamalinalco.org\/en\/wp-json\/wp\/v2\/pages"}],"about":[{"href":"https:\/\/fundacioncomunitariamalinalco.org\/en\/wp-json\/wp\/v2\/types\/page"}],"author":[{"embeddable":true,"href":"https:\/\/fundacioncomunitariamalinalco.org\/en\/wp-json\/wp\/v2\/users\/2"}],"replies":[{"embeddable":true,"href":"https:\/\/fundacioncomunitariamalinalco.org\/en\/wp-json\/wp\/v2\/comments?post=817"}],"version-history":[{"count":23,"href":"https:\/\/fundacioncomunitariamalinalco.org\/en\/wp-json\/wp\/v2\/pages\/817\/revisions"}],"predecessor-version":[{"id":3390,"href":"https:\/\/fundacioncomunitariamalinalco.org\/en\/wp-json\/wp\/v2\/pages\/817\/revisions\/3390"}],"wp:featuredmedia":[{"embeddable":true,"href":"https:\/\/fundacioncomunitariamalinalco.org\/en\/wp-json\/wp\/v2\/media\/1715"}],"wp:attachment":[{"href":"https:\/\/fundacioncomunitariamalinalco.org\/en\/wp-json\/wp\/v2\/media?parent=817"}],"wp:term":[{"taxonomy":"category","embeddable":true,"href":"https:\/\/fundacioncomunitariamalinalco.org\/en\/wp-json\/wp\/v2\/categories?post=817"}],"curies":[{"name":"wp","href":"https:\/\/api.w.org\/{rel}","templated":true}]}}